{"id":9047,"date":"2023-03-17T10:29:09","date_gmt":"2023-03-17T08:29:09","guid":{"rendered":"http:\/\/banat.rowater.ro\/?page_id=9047"},"modified":"2023-03-17T11:05:31","modified_gmt":"2023-03-17T09:05:31","slug":"petitii","status":"publish","type":"page","link":"http:\/\/banat.rowater.ro\/index.php\/contact\/petitii\/","title":{"rendered":"PETI\u021aII"},"content":{"rendered":"<p>Urmare a dispozi\u0163iilor legale incidente activit\u0103\u0163ii de solu\u0163ionare a peti\u0163iilor, aducem la cuno\u015ftin\u0163a persoanelor care doresc s\u0103 adreseze peti\u0163ii c\u0103tre institu\u0163ia noastr\u0103 c\u0103 \u00een respectivele sesiz\u0103ri trebuie precizate datele de identificare ale petentului a\u015fa cum se \u00een\u0163eleg \u015fi sunt definite de legisla\u0163ia \u00een vigoare:\u00a0<b>nume, prenume, domiciliu<\/b>. Conform art. 7 al OUG nr. 27\/2002 privind reglementarea activit\u0103\u0163ii de solu\u0163ionare a peti\u0163iilor, \u201epeti\u0163iile anonime sau cele \u00een care nu sunt trecute datele de identificare ale peti\u0163ionarului nu se iau \u00een considerare \u015fi se claseaz\u0103\u201d.<\/p>\n<p>Email: petitii@dab.rowater.ro<\/p>\n<p><a href=\"http:\/\/banat.rowater.ro\/wp-content\/uploads\/2023\/03\/F-RU-11-Formular-petitii.docx\">F-RU-11 Formular petitii<\/a><\/p>\n","protected":false},"excerpt":{"rendered":"<p>Urmare a dispozi\u0163iilor legale incidente activit\u0103\u0163ii de solu\u0163ionare a peti\u0163iilor, aducem la cuno\u015ftin\u0163a persoanelor care doresc s\u0103 adreseze peti\u0163ii c\u0103tre institu\u0163ia noastr\u0103 c\u0103 \u00een respectivele sesiz\u0103ri trebuie precizate datele de\u2026<\/p>\n","protected":false},"author":6,"featured_media":0,"parent":5958,"menu_order":0,"comment_status":"closed","ping_status":"closed","template":"","meta":{"footnotes":""},"class_list":["post-9047","page","type-page","status-publish","hentry"],"_links":{"self":[{"href":"http:\/\/banat.rowater.ro\/index.php\/wp-json\/wp\/v2\/pages\/9047","targetHints":{"allow":["GET"]}}],"collection":[{"href":"http:\/\/banat.rowater.ro\/index.php\/wp-json\/wp\/v2\/pages"}],"about":[{"href":"http:\/\/banat.rowater.ro\/index.php\/wp-json\/wp\/v2\/types\/page"}],"author":[{"embeddable":true,"href":"http:\/\/banat.rowater.ro\/index.php\/wp-json\/wp\/v2\/users\/6"}],"replies":[{"embeddable":true,"href":"http:\/\/banat.rowater.ro\/index.php\/wp-json\/wp\/v2\/comments?post=9047"}],"version-history":[{"count":3,"href":"http:\/\/banat.rowater.ro\/index.php\/wp-json\/wp\/v2\/pages\/9047\/revisions"}],"predecessor-version":[{"id":9051,"href":"http:\/\/banat.rowater.ro\/index.php\/wp-json\/wp\/v2\/pages\/9047\/revisions\/9051"}],"up":[{"embeddable":true,"href":"http:\/\/banat.rowater.ro\/index.php\/wp-json\/wp\/v2\/pages\/5958"}],"wp:attachment":[{"href":"http:\/\/banat.rowater.ro\/index.php\/wp-json\/wp\/v2\/media?parent=9047"}],"curies":[{"name":"wp","href":"https:\/\/api.w.org\/{rel}","templated":true}]}}