{"id":8573,"date":"2022-11-29T12:40:07","date_gmt":"2022-11-29T10:40:07","guid":{"rendered":"http:\/\/banat.rowater.ro\/?page_id=8573"},"modified":"2023-05-16T14:03:09","modified_gmt":"2023-05-16T12:03:09","slug":"proiectul-sipoca-588","status":"publish","type":"page","link":"http:\/\/banat.rowater.ro\/index.php\/despre-noi\/dezvoltare-si-investitii-achizitii\/proiecte-implementate-in-curs-de-implementare\/proiecte-in-curs-de-implementare\/proiectul-sipoca-588\/","title":{"rendered":"Proiectul SIPOCA 588"},"content":{"rendered":"<p><strong><b>Proiectul SIPOCA 588<\/b><\/strong><\/p>\n<p>&nbsp;<\/p>\n<p>Numele proiectului: <strong><b>\u201d\u00cembun\u0103t\u0103\u021birea capacit\u0103\u021bii autorit\u0103\u021bii publice centrale \u00een domeniul managementului apelor \u00een ceea ce prive\u0219te\u00a0 planificarea, implementarea \u0219i raportarea cerin\u021belor europene din domeniul apelor\u201d<\/b><\/strong>, Cod. SIPOCA 588\/ Cod MySmis2014 126656<\/p>\n<p><strong><b>Denumirea bene\ufb01ciarului \u0219i a partenerului:<\/b><\/strong><\/p>\n<p><strong><b>Beneficiar MINISTERUL APELOR SI PADURILOR<\/b><\/strong><\/p>\n<p><strong><b>Partener ADMINISTRA\u021aIA NA\u021aIONAL\u0102 \u201eAPELE ROMANE\u201d<\/b><\/strong><\/p>\n<p>&nbsp;<\/p>\n<p><a href=\"http:\/\/banat.rowater.ro\/wp-content\/uploads\/2022\/11\/Informatii-generale.pdf\">Informatii generale<\/a><\/p>\n<p><a href=\"http:\/\/banat.rowater.ro\/wp-content\/uploads\/2022\/11\/Informatii-stadiu-proiect-SIPOCA-588-sept-2019-aprilie-2020.pdf\">Informatii stadiu proiect SIPOCA 588 sept 2019-aprilie 2020<\/a><\/p>\n<p><a href=\"http:\/\/banat.rowater.ro\/index.php\/materiale-promotionale-sipoca-588\/\">Materiale promotionale SIPOCA 588<\/a><\/p>\n<p><a href=\"http:\/\/banat.rowater.ro\/wp-content\/uploads\/2022\/11\/Informare-activitati-Proiect-SIPOCA-588-septembrie-2020-februarie-2021.pdf\">Informare activit\u0103\u021bi Proiect SIPOCA 588 septembrie 2020 &#8211; februarie 2021<\/a><\/p>\n<p><a href=\"http:\/\/banat.rowater.ro\/wp-content\/uploads\/2022\/11\/Informare-activitati-Proiect-SIPOCA-588-martie-2021-iunie-2021.docx\">Informare activit\u0103\u021bi Proiect SIPOCA 588 martie 2021 &#8211; iunie 2021<\/a><\/p>\n<p><a href=\"http:\/\/banat.rowater.ro\/wp-content\/uploads\/2022\/11\/Sisteme-individuale-adecvate-SIA.pptx\">Sisteme individuale adecvate (SIA)<\/a><\/p>\n<p><a href=\"http:\/\/banat.rowater.ro\/wp-content\/uploads\/2022\/11\/Prezentare-stadiu-aplicatie-IT-ape-uzate.pdf\">Prezentare-stadiu-aplicatie-IT-ape-uzate<\/a><\/p>\n<p><a href=\"http:\/\/banat.rowater.ro\/wp-content\/uploads\/2023\/05\/Informare-activitati-Proiect-SIPOCA-588_mai-decembrie-2022.pdf\">Informare-activitati-Proiect-SIPOCA-588_mai-decembrie-2022<\/a><\/p>\n<p><a href=\"http:\/\/banat.rowater.ro\/wp-content\/uploads\/2023\/05\/Informare-activitati-Proiect-SIPOCA-588_iulie-dec-2021.pdf\">Informare-activitati-Proiect-SIPOCA-588_iulie-dec-2021<\/a><\/p>\n<p><a href=\"http:\/\/banat.rowater.ro\/wp-content\/uploads\/2023\/05\/Informare-activitati-Proiect-SIPOCA-588_ian_april-2022.pdf\">Informare-activitati-Proiect-SIPOCA-588_ian_april-2022<\/a><\/p>\n","protected":false},"excerpt":{"rendered":"<p>Proiectul SIPOCA 588 &nbsp; Numele proiectului: \u201d\u00cembun\u0103t\u0103\u021birea capacit\u0103\u021bii autorit\u0103\u021bii publice centrale \u00een domeniul managementului apelor \u00een ceea ce prive\u0219te\u00a0 planificarea, implementarea \u0219i raportarea cerin\u021belor europene din domeniul apelor\u201d, Cod. SIPOCA\u2026<\/p>\n","protected":false},"author":2,"featured_media":0,"parent":8571,"menu_order":0,"comment_status":"closed","ping_status":"closed","template":"","meta":{"footnotes":""},"class_list":["post-8573","page","type-page","status-publish","hentry"],"_links":{"self":[{"href":"http:\/\/banat.rowater.ro\/index.php\/wp-json\/wp\/v2\/pages\/8573","targetHints":{"allow":["GET"]}}],"collection":[{"href":"http:\/\/banat.rowater.ro\/index.php\/wp-json\/wp\/v2\/pages"}],"about":[{"href":"http:\/\/banat.rowater.ro\/index.php\/wp-json\/wp\/v2\/types\/page"}],"author":[{"embeddable":true,"href":"http:\/\/banat.rowater.ro\/index.php\/wp-json\/wp\/v2\/users\/2"}],"replies":[{"embeddable":true,"href":"http:\/\/banat.rowater.ro\/index.php\/wp-json\/wp\/v2\/comments?post=8573"}],"version-history":[{"count":7,"href":"http:\/\/banat.rowater.ro\/index.php\/wp-json\/wp\/v2\/pages\/8573\/revisions"}],"predecessor-version":[{"id":9708,"href":"http:\/\/banat.rowater.ro\/index.php\/wp-json\/wp\/v2\/pages\/8573\/revisions\/9708"}],"up":[{"embeddable":true,"href":"http:\/\/banat.rowater.ro\/index.php\/wp-json\/wp\/v2\/pages\/8571"}],"wp:attachment":[{"href":"http:\/\/banat.rowater.ro\/index.php\/wp-json\/wp\/v2\/media?parent=8573"}],"curies":[{"name":"wp","href":"https:\/\/api.w.org\/{rel}","templated":true}]}}