{"id":5964,"date":"2021-10-05T05:37:00","date_gmt":"2021-10-05T05:37:00","guid":{"rendered":"http:\/\/10.40.11.204\/?page_id=5964"},"modified":"2026-03-04T14:18:57","modified_gmt":"2026-03-04T12:18:57","slug":"consultarea-publicului","status":"publish","type":"page","link":"http:\/\/banat.rowater.ro\/index.php\/consultarea-publicului\/","title":{"rendered":"CONSULTAREA PUBLICULUI"},"content":{"rendered":"<p>[vc_row][vc_column]<ul class=\"anar-page-list\"><li><a href=\"http:\/\/banat.rowater.ro\/wp-content\/uploads\/2024\/12\/CALENDARUL-SI-PROGRAMUL-DE-LUCRU-ACTIVITATI-DE-PARTICIPARE-A-PUBLICULUI-PMB-IV-SI-PMRI-III-2028-2033.pdf\" target=\"_blank\" rel=\"\">!!! CALENDARUL  \u015eI PROGRAMUL DE LUCRU - ACTIVIT\u0102\u0162I DE PARTICIPARE A PUBLICULUI - PMB (IV) SI PMRI (III) 2028-2033<\/a><\/li><\/ul><ul class=\"anar-page-list\"><li><a href=\"http:\/\/10.40.11.204\/index.php\/consultarea-publicului\/planuri-de-aparare-impotriva-inundatiilor\/\" target=\"\" rel=\"\">Planuri de ap\u0103rare \u00eempotriva inunda\u0163iilor<\/a><\/li><\/ul>[\/vc_column][\/vc_row][vc_row][vc_column]<ul class=\"anar-page-list\"><li><a href=\"http:\/\/banat.rowater.ro\/index.php\/consultarea-publicului\/chestionar-proiect-plan-de-management-actualizat-al-spatiului-hidrografic-banat-2022-2027\/\" target=\"\" rel=\"\">CHESTIONAR Proiect Plan de Management actualizat al Spatiului Hidrografic Banat 2022-2027<\/a><\/li><\/ul>[\/vc_column][\/vc_row][vc_row][vc_column][\/vc_column][\/vc_row][vc_row][vc_column]<a href=\"http:\/\/banat.rowater.ro\/index.php\/2026\/02\/18\/probleme-importante-de-gospodarire-a-apelor-in-sh-banat-2025\/\" class=\"anar-btn\" >NOU!!! Probleme Importante de Gospodarire a Apelor in SH BANAT 2025 <i class=\"anar-icon-arrow_forward\"><\/i><\/a>[\/vc_column][\/vc_row][vc_row][vc_column]<a href=\"http:\/\/banat.rowater.ro\/index.php\/consultarea-publicului\/nou-probleme-importante-de-gospodarire-a-apelor-in-sh-banat-2025\/\" class=\"anar-btn\" >NOU!!! Probleme Importante de Gospodarire a Apelor in SH BANAT 2025<\/a>[\/vc_column][\/vc_row][vc_row][vc_column][\/vc_column][\/vc_row][vc_row][vc_column][\/vc_column][\/vc_row]<\/p>\n","protected":false},"excerpt":{"rendered":"<p>[vc_row][vc_column][\/vc_column][\/vc_row][vc_row][vc_column][\/vc_column][\/vc_row][vc_row][vc_column][\/vc_column][\/vc_row][vc_row][vc_column][\/vc_column][\/vc_row][vc_row][vc_column][\/vc_column][\/vc_row][vc_row][vc_column][\/vc_column][\/vc_row][vc_row][vc_column][\/vc_column][\/vc_row]<\/p>\n","protected":false},"author":2,"featured_media":0,"parent":0,"menu_order":0,"comment_status":"closed","ping_status":"closed","template":"","meta":{"footnotes":""},"class_list":["post-5964","page","type-page","status-publish","hentry"],"_links":{"self":[{"href":"http:\/\/banat.rowater.ro\/index.php\/wp-json\/wp\/v2\/pages\/5964","targetHints":{"allow":["GET"]}}],"collection":[{"href":"http:\/\/banat.rowater.ro\/index.php\/wp-json\/wp\/v2\/pages"}],"about":[{"href":"http:\/\/banat.rowater.ro\/index.php\/wp-json\/wp\/v2\/types\/page"}],"author":[{"embeddable":true,"href":"http:\/\/banat.rowater.ro\/index.php\/wp-json\/wp\/v2\/users\/2"}],"replies":[{"embeddable":true,"href":"http:\/\/banat.rowater.ro\/index.php\/wp-json\/wp\/v2\/comments?post=5964"}],"version-history":[{"count":13,"href":"http:\/\/banat.rowater.ro\/index.php\/wp-json\/wp\/v2\/pages\/5964\/revisions"}],"predecessor-version":[{"id":13745,"href":"http:\/\/banat.rowater.ro\/index.php\/wp-json\/wp\/v2\/pages\/5964\/revisions\/13745"}],"wp:attachment":[{"href":"http:\/\/banat.rowater.ro\/index.php\/wp-json\/wp\/v2\/media?parent=5964"}],"curies":[{"name":"wp","href":"https:\/\/api.w.org\/{rel}","templated":true}]}}