{"id":5898,"date":"2021-10-01T08:25:26","date_gmt":"2021-10-01T08:25:26","guid":{"rendered":"http:\/\/10.40.11.204\/?page_id=5898"},"modified":"2025-03-04T10:25:04","modified_gmt":"2025-03-04T08:25:04","slug":"contractele-incepand-cu-data-aplicarii-memorandumului","status":"publish","type":"page","link":"http:\/\/banat.rowater.ro\/index.php\/informatii-de-interes-public\/achizitii-publice\/contractele-incepand-cu-data-aplicarii-memorandumului\/","title":{"rendered":"Contractele \u00eencep\u00e2nd cu data aplic\u0103rii memorandumului"},"content":{"rendered":"<p><a href=\"http:\/\/banat.rowater.ro\/wp-content\/uploads\/2025\/03\/Ctr.-nr.-105_redacted.pdf\">Ctr. nr. 105_redacted<\/a><a href=\"http:\/\/banat.rowater.ro\/wp-content\/uploads\/2025\/03\/Ctr.-nr.-108_redacted.pdf\">Ctr. nr. 108_redacted<\/a><a href=\"http:\/\/banat.rowater.ro\/wp-content\/uploads\/2025\/03\/Ctr.-nr.107-Act-Aditional_redacted.pdf\">Ctr. nr.107- Act Aditional_redacted<\/a><a href=\"http:\/\/banat.rowater.ro\/wp-content\/uploads\/2025\/03\/CTR.-NR.109-Act-Aditional_redacted.pdf\">CTR. NR.109 -Act Aditional_redacted<\/a><a href=\"http:\/\/banat.rowater.ro\/wp-content\/uploads\/2025\/03\/CTR.-NR.110_redacted.pdf\">CTR. NR.110_redacted<\/a><a href=\"http:\/\/banat.rowater.ro\/wp-content\/uploads\/2025\/03\/CTR.-NR.113_redacted.pdf\">CTR. NR.113_redacted<\/a><a href=\"http:\/\/banat.rowater.ro\/wp-content\/uploads\/2025\/03\/CTR.-NR.115_redacted.pdf\">CTR. NR.115_redacted<\/a><a href=\"http:\/\/banat.rowater.ro\/wp-content\/uploads\/2025\/03\/CTR.-NR.116_redacted.pdf\">CTR. NR.116_redacted<\/a><a href=\"http:\/\/banat.rowater.ro\/wp-content\/uploads\/2025\/03\/CTR.-NR.117_redacted.pdf\">CTR. NR.117_redacted<\/a><a href=\"http:\/\/banat.rowater.ro\/wp-content\/uploads\/2025\/03\/CTR.-NR.119_redacted-_lipsa-1-semnatura.pdf\">CTR. NR.119_redacted _lipsa 1 semnatura<\/a><a href=\"http:\/\/banat.rowater.ro\/wp-content\/uploads\/2025\/03\/CTR.-NR.120-Act-Aditional_redacted.pdf\">CTR. NR.120- Act Aditional_redacted<\/a><a href=\"http:\/\/banat.rowater.ro\/wp-content\/uploads\/2025\/03\/CTR.-NR.125-Act-Aditional_redacted.pdf\">CTR. NR.125 &#8211; Act Aditional_redacted<\/a><a href=\"http:\/\/banat.rowater.ro\/wp-content\/uploads\/2025\/03\/CTR.-NR.126-Act-Aditional_redacted.pdf\">CTR. NR.126 -Act Aditional_redacted<\/a><a href=\"http:\/\/banat.rowater.ro\/wp-content\/uploads\/2025\/03\/CTR.-NR.127-Act-Aditional_redacted.pdf\">CTR. NR.127 -Act Aditional_redacted<\/a><a href=\"http:\/\/banat.rowater.ro\/wp-content\/uploads\/2025\/03\/CTR.-NR.128_redacted.pdf\">CTR. NR.128_redacted<\/a><a href=\"http:\/\/banat.rowater.ro\/wp-content\/uploads\/2025\/03\/CTR.-NR.129-Act-Aditional_redacted.pdf\">CTR. NR.129 -Act Aditional_redacted<\/a><a href=\"http:\/\/banat.rowater.ro\/wp-content\/uploads\/2025\/03\/CTR.-NR.130_redacted.pdf\">CTR. NR.130_redacted<\/a><a href=\"http:\/\/banat.rowater.ro\/wp-content\/uploads\/2025\/03\/CTR.-NR.131_redacted.pdf\">CTR. NR.131_redacted<\/a><a href=\"http:\/\/banat.rowater.ro\/wp-content\/uploads\/2025\/03\/CTR.-NR.132_redacted.pdf\">CTR. NR.132_redacted<\/a><a href=\"http:\/\/banat.rowater.ro\/wp-content\/uploads\/2025\/03\/CTR.-NR.134_redacted.pdf\">CTR. NR.134_redacted<\/a><a href=\"http:\/\/banat.rowater.ro\/wp-content\/uploads\/2025\/03\/CTR.-NR.141-Act-Aditional_redacted.pdf\">CTR. NR.141- Act Aditional_redacted<\/a><a href=\"http:\/\/banat.rowater.ro\/wp-content\/uploads\/2025\/03\/CTR.-NR.142_redacted.pdf\">CTR. NR.142_redacted<\/a><a href=\"http:\/\/banat.rowater.ro\/wp-content\/uploads\/2025\/03\/CTR.-NR.144-Act-Aditional_redacted.pdf\">CTR. NR.144 -Act Aditional_redacted<\/a><a href=\"http:\/\/banat.rowater.ro\/wp-content\/uploads\/2025\/03\/CTR.-NR.145-Act-Aditional_redacted.pdf\">CTR. NR.145-Act Aditional_redacted<\/a><a href=\"http:\/\/banat.rowater.ro\/wp-content\/uploads\/2025\/03\/CTR.-NR.146-Act-Aditional_redacted.pdf\">CTR. NR.146 -Act Aditional_redacted<\/a><a href=\"http:\/\/banat.rowater.ro\/wp-content\/uploads\/2025\/03\/CTR.-NR.147-Act-Aditional_redacted.pdf\">CTR. NR.147- Act Aditional_redacted<\/a><a href=\"http:\/\/banat.rowater.ro\/wp-content\/uploads\/2025\/03\/CTR.-NR.148-Act-Aditional_redacted.pdf\">CTR. NR.148 -Act Aditional_redacted<\/a><a href=\"http:\/\/banat.rowater.ro\/wp-content\/uploads\/2025\/03\/CTR.-NR.149-Act-Aditional_redacted.pdf\">CTR. NR.149 -Act Aditional_redacted<\/a><a href=\"http:\/\/banat.rowater.ro\/wp-content\/uploads\/2025\/03\/CTR.-NR.150-Act-Aditional_redacted.pdf\">CTR. NR.150 &#8211; Act Aditional_redacted<\/a><a href=\"http:\/\/banat.rowater.ro\/wp-content\/uploads\/2025\/03\/CTR.-NR.151-Act-Aditional_redacted.pdf\">CTR. NR.151- Act Aditional_redacted<\/a><a href=\"http:\/\/banat.rowater.ro\/wp-content\/uploads\/2025\/03\/CTR.NR_.156-Act-Aditional_redacted.pdf\">CTR.NR.156 -Act Aditional_redacted<\/a><a href=\"http:\/\/banat.rowater.ro\/wp-content\/uploads\/2022\/01\/Ctr.-149-din-21.12.2021.pdf\">Ctr. 149 din 21.12.2021<\/a><a href=\"http:\/\/banat.rowater.ro\/wp-content\/uploads\/2022\/01\/Ctr.-148-din-20.12.2021.pdf\">Ctr. 148 din 20.12.2021<\/a><a href=\"http:\/\/banat.rowater.ro\/wp-content\/uploads\/2022\/01\/Ctr.-139-din-15.12.2021.pdf\">Ctr. 139 din 15.12.2021<\/a><a href=\"http:\/\/banat.rowater.ro\/wp-content\/uploads\/2022\/01\/Ctr.-129-din-10.12.2021.pdf\">Ctr. 129 din 10.12.2021<\/a><a href=\"http:\/\/banat.rowater.ro\/wp-content\/uploads\/2022\/01\/Ctr.-128-din-09.12.2021.pdf\">Ctr. 128 din 09.12.2021<\/a><a href=\"http:\/\/banat.rowater.ro\/wp-content\/uploads\/2022\/01\/Ctr.-127-din-09.12.2021.pdf\">Ctr. 127 din 09.12.2021<\/a><a href=\"http:\/\/banat.rowater.ro\/wp-content\/uploads\/2022\/01\/Ctr.-126-din-09.12.2021.pdf\">Ctr. 126 din 09.12.2021<\/a><a href=\"http:\/\/banat.rowater.ro\/wp-content\/uploads\/2022\/01\/Ctr.-125-din-08.12.2021.pdf\">Ctr. 125 din 08.12.2021<\/a><a href=\"http:\/\/banat.rowater.ro\/wp-content\/uploads\/2022\/01\/Ctr.-124-din-07.12.2021.pdf\">Ctr. 124 din 07.12.2021<\/a><a href=\"http:\/\/banat.rowater.ro\/wp-content\/uploads\/2022\/01\/Ctr.-122-din-02.12.2021.pdf\">Ctr. 122 din 02.12.2021<\/a><a href=\"http:\/\/banat.rowater.ro\/wp-content\/uploads\/2022\/01\/Ctr.-121-din-02.12.2021.pdf\">Ctr. 121 din 02.12.2021<\/a><a href=\"http:\/\/banat.rowater.ro\/wp-content\/uploads\/2022\/01\/Ctr.-113-din-17.11.2021.pdf\">Ctr. 113 din 17.11.2021<\/a><a href=\"http:\/\/banat.rowater.ro\/wp-content\/uploads\/2022\/01\/Ctr.-112-din-16.11.2021.pdf\">Ctr. 112 din 16.11.2021<\/a><a href=\"http:\/\/banat.rowater.ro\/wp-content\/uploads\/2022\/01\/Ctr.-109-din-12.11.2021.pdf\">Ctr. 109 din 12.11.2021<\/a><a href=\"http:\/\/banat.rowater.ro\/wp-content\/uploads\/2022\/01\/Ctr.-107-din-11.11.2021.pdf\">Ctr. 107 din 11.11.2021<\/a><a href=\"http:\/\/banat.rowater.ro\/wp-content\/uploads\/2022\/01\/Ctr.-106-din-11.11.2021.pdf\">Ctr. 106 din 11.11.2021<\/a><a href=\"http:\/\/banat.rowater.ro\/wp-content\/uploads\/2022\/01\/Ctr.-105-din-10.11.2021.pdf\">Ctr. 105 din 10.11.2021<\/a><a href=\"http:\/\/banat.rowater.ro\/wp-content\/uploads\/2022\/01\/Ctr.-102-din-10.11.2021.pdf\">Ctr. 102 din 10.11.2021<\/a><a href=\"http:\/\/banat.rowater.ro\/wp-content\/uploads\/2022\/01\/Ctr.-99-din-04.11.2021.pdf\">Ctr. 99 din 04.11.2021<\/a><a href=\"http:\/\/banat.rowater.ro\/wp-content\/uploads\/2022\/01\/Ctr.-94-din-29.10.2021-1.pdf\">Ctr. 94 din 29.10.2021<\/a><a href=\"http:\/\/banat.rowater.ro\/wp-content\/uploads\/2022\/01\/Ctr.-94-din-29.10.2021.pdf\">Ctr. 94 din 29.10.2021<\/a><a href=\"http:\/\/banat.rowater.ro\/wp-content\/uploads\/2022\/01\/Ctr.-92-din-28.10.2021.pdf\">Ctr. 92 din 28.10.2021<\/a><a href=\"http:\/\/banat.rowater.ro\/wp-content\/uploads\/2022\/01\/Ctr.-91-din-28.10.2021.pdf\">Ctr. 91 din 28.10.2021<\/a><a href=\"http:\/\/banat.rowater.ro\/wp-content\/uploads\/2022\/01\/Ctr.-90-din-28.10.2021.pdf\">Ctr. 90 din 28.10.2021<\/a><a href=\"http:\/\/banat.rowater.ro\/wp-content\/uploads\/2022\/01\/Ctr.-89-din-28.10.2021.pdf\">Ctr. 89 din 28.10.2021<\/a><a href=\"http:\/\/banat.rowater.ro\/wp-content\/uploads\/2022\/01\/Ctr.-87-din-26.10.2021.pdf\">Ctr. 87 din 26.10.2021<\/a><a href=\"http:\/\/banat.rowater.ro\/wp-content\/uploads\/2022\/01\/Ctr.-81-din-18.10.2021.pdf\">Ctr. 81 din 18.10.2021<\/a><a href=\"http:\/\/banat.rowater.ro\/wp-content\/uploads\/2022\/01\/Ctr.-80-din-12.10.2021.pdf\">Ctr. 80 din 12.10.2021<\/a><a href=\"http:\/\/banat.rowater.ro\/wp-content\/uploads\/2022\/01\/Ctr.-79-din-11.10.2021.pdf\">Ctr. 79 din 11.10.2021<\/a><a href=\"http:\/\/banat.rowater.ro\/wp-content\/uploads\/2022\/01\/Ctr.-71-din-29.09.2021.pdf\">Ctr. 71 din 29.09.2021<\/a><a href=\"http:\/\/banat.rowater.ro\/wp-content\/uploads\/2022\/01\/Ctr.-70-din-29.09.2021.pdf\">Ctr. 70 din 29.09.2021<\/a><a href=\"http:\/\/banat.rowater.ro\/wp-content\/uploads\/2022\/01\/Ctr.-66-din-08.09.2021.pdf\">Ctr. 66 din 08.09.2021<\/a><a href=\"http:\/\/banat.rowater.ro\/wp-content\/uploads\/2022\/01\/Ctr.-65-din-31.08.202.pdf\">Ctr. 65 din 31.08.202<\/a><a href=\"http:\/\/banat.rowater.ro\/wp-content\/uploads\/2022\/01\/Ctr.-60-din-26.08.2021.pdf\">Ctr. 60 din 26.08.2021<\/a><a href=\"http:\/\/banat.rowater.ro\/wp-content\/uploads\/2022\/01\/Ctr.-45-din-23.07.2021.pdf\">Ctr. 45 din 23.07.2021<\/a><a href=\"http:\/\/banat.rowater.ro\/wp-content\/uploads\/2022\/01\/Ctr.-41-din-15.07.2021.pdf\">Ctr. 41 din 15.07.2021<\/a><a href=\"http:\/\/banat.rowater.ro\/wp-content\/uploads\/2022\/01\/Ctr.-40-din-12.07.2021.pdf\">Ctr. 40 din 12.07.2021<\/a><a href=\"http:\/\/banat.rowater.ro\/wp-content\/uploads\/2022\/01\/Ctr.-37-din-09.07.2021.pdf\">Ctr. 37 din 09.07.2021<\/a><a href=\"http:\/\/banat.rowater.ro\/wp-content\/uploads\/2022\/01\/Ctr.-35-din-09.07.2021.pdf\">Ctr. 35 din 09.07.2021<\/a><a href=\"http:\/\/banat.rowater.ro\/wp-content\/uploads\/2022\/01\/Ctr.-34-din-09.07.2021.pdf\">Ctr. 34 din 09.07.2021<\/a><a href=\"http:\/\/banat.rowater.ro\/wp-content\/uploads\/2022\/01\/Ctr.-32-din-05.07.2021.pdf\">Ctr. 32 din 05.07.2021<\/a><a href=\"http:\/\/banat.rowater.ro\/wp-content\/uploads\/2022\/01\/Ctr.-24-din-18.06.2021.pdf\">Ctr. 24 din 18.06.2021<\/a><a href=\"http:\/\/banat.rowater.ro\/wp-content\/uploads\/2022\/01\/Ctr.-23-din-16.06.2021.pdf\">Ctr. 23 din 16.06.2021<\/a><a href=\"http:\/\/banat.rowater.ro\/wp-content\/uploads\/2022\/01\/Ctr.-21-din-16.06.2021.pdf\">Ctr. 21 din 16.06.2021<\/a><a href=\"http:\/\/banat.rowater.ro\/wp-content\/uploads\/2022\/01\/Ctr.-19-din-11.06.2021.pdf\">Ctr. 19 din 11.06.2021<\/a><a href=\"http:\/\/banat.rowater.ro\/wp-content\/uploads\/2022\/01\/Ctr.-15-din-02.06.2021.pdf\">Ctr. 15 din 02.06.2021<\/a><a href=\"http:\/\/banat.rowater.ro\/wp-content\/uploads\/2022\/01\/Ctr.-14-din-28.05.2021.pdf\">Ctr. 14 din 28.05.2021<\/a><a href=\"http:\/\/banat.rowater.ro\/wp-content\/uploads\/2022\/01\/Ctr.-01-din-06.01.2021.pdf\">Ctr. 01 din 06.01.2021<\/a><\/p>\n","protected":false},"excerpt":{"rendered":"<p>Ctr. nr. 105_redactedCtr. nr. 108_redactedCtr. nr.107- Act Aditional_redactedCTR. NR.109 -Act Aditional_redactedCTR. NR.110_redactedCTR. NR.113_redactedCTR. NR.115_redactedCTR. NR.116_redactedCTR. NR.117_redactedCTR. NR.119_redacted _lipsa 1 semnaturaCTR. NR.120- Act Aditional_redactedCTR. NR.125 &#8211; Act Aditional_redactedCTR. NR.126 -Act Aditional_redactedCTR.\u2026<\/p>\n","protected":false},"author":2,"featured_media":0,"parent":5892,"menu_order":0,"comment_status":"closed","ping_status":"closed","template":"","meta":{"footnotes":""},"class_list":["post-5898","page","type-page","status-publish","hentry"],"_links":{"self":[{"href":"http:\/\/banat.rowater.ro\/index.php\/wp-json\/wp\/v2\/pages\/5898","targetHints":{"allow":["GET"]}}],"collection":[{"href":"http:\/\/banat.rowater.ro\/index.php\/wp-json\/wp\/v2\/pages"}],"about":[{"href":"http:\/\/banat.rowater.ro\/index.php\/wp-json\/wp\/v2\/types\/page"}],"author":[{"embeddable":true,"href":"http:\/\/banat.rowater.ro\/index.php\/wp-json\/wp\/v2\/users\/2"}],"replies":[{"embeddable":true,"href":"http:\/\/banat.rowater.ro\/index.php\/wp-json\/wp\/v2\/comments?post=5898"}],"version-history":[{"count":4,"href":"http:\/\/banat.rowater.ro\/index.php\/wp-json\/wp\/v2\/pages\/5898\/revisions"}],"predecessor-version":[{"id":12504,"href":"http:\/\/banat.rowater.ro\/index.php\/wp-json\/wp\/v2\/pages\/5898\/revisions\/12504"}],"up":[{"embeddable":true,"href":"http:\/\/banat.rowater.ro\/index.php\/wp-json\/wp\/v2\/pages\/5892"}],"wp:attachment":[{"href":"http:\/\/banat.rowater.ro\/index.php\/wp-json\/wp\/v2\/media?parent=5898"}],"curies":[{"name":"wp","href":"https:\/\/api.w.org\/{rel}","templated":true}]}}