{"id":5873,"date":"2021-10-01T08:15:43","date_gmt":"2021-10-01T08:15:43","guid":{"rendered":"http:\/\/10.40.11.204\/?page_id=5873"},"modified":"2022-01-19T12:44:30","modified_gmt":"2022-01-19T10:44:30","slug":"modalitatea-de-contestare-a-deciziei-si-formularele-aferente-pentru-reclamatie-administrativa-refuz-si-netrimitere-in-termen-legal","status":"publish","type":"page","link":"http:\/\/banat.rowater.ro\/index.php\/informatii-de-interes-public\/solicitare-informatii-legislatie\/modalitatea-de-contestare-a-deciziei-si-formularele-aferente-pentru-reclamatie-administrativa-refuz-si-netrimitere-in-termen-legal\/","title":{"rendered":"Modalitatea de contestare a deciziei \u0219i formularele aferente pentru reclama\u021bie administrativ\u0103 (refuz \u0219i netrimitere \u00een termen legal)"},"content":{"rendered":"<p>[vc_row][vc_column][vc_column_text]\u00cen cazul \u00een care o persoan\u0103 consider\u0103 c\u0103 dreptul privind accesul la informa\u0163iile de interes public a fost \u00eenc\u0103lcat, aceasta se poate adresa cu reclama\u0163ie administrativ\u0103.<\/p>\n<p><em>\u00cen conformitate cu Hot\u0103r\u00e2rea de Guvern nr. 123 din 7 februarie 2002 pentru aprobarea Normelor metodologice de aplicare a Legii nr. 544\/2001 privind liberul acces la informa\u0163iile de interes public:<\/em><\/p>\n<p>ART. 32<\/p>\n<p>\u00cen cazul \u00een care o persoan\u0103 consider\u0103 c\u0103 dreptul privind accesul la informa\u0163iile de interes public a fost \u00eenc\u0103lcat, aceasta se poate adresa cu reclama\u0163ie administrativ\u0103 conduc\u0103torului autorit\u0103\u0163ii sau institu\u0163iei publice c\u0103reia i-a fost solicitat\u0103 informa\u0163ia.<\/p>\n<p>ART. 33<\/p>\n<p>Persoana care se consider\u0103 v\u0103t\u0103mat\u0103 \u00een drepturile sale poate depune reclama\u0163ia administrativ\u0103 prev\u0103zut\u0103 la art. 32 \u00een termen de 30 de zile de la luarea la cuno\u015ftin\u0163\u0103 a refuzului explicit sau tacit al angaja\u0163ilor din cadrul autorit\u0103\u0163ii sau institu\u0163iei publice pentru aplicarea prevederilor Legii nr. 544\/2001 \u015fi ale prezentelor norme metodologice.<\/p>\n<p>ART. 34<\/p>\n<p>\u00cen cazul \u00een care reclama\u0163ia se dovede\u015fte \u00eentemeiat\u0103, r\u0103spunsul la aceasta se transmite solicitantului care se consider\u0103 lezat \u00een termen de 15 zile de la depunerea reclama\u0163iei administrative. Acest r\u0103spuns va con\u0163ine informa\u0163iile de interes public solicitate ini\u0163ial \u015fi, de asemenea, va men\u0163iona sanc\u0163iunile disciplinare aplicate \u00een cazul func\u0163ionarului vinovat, \u00een condi\u0163iile legii.<\/p>\n<p>ART. 35<\/p>\n<p>(1) Pentru analiza reclama\u0163iilor administrative ale persoanelor, viz\u00e2nd nerespectarea prevederilor Legii nr. 544\/2001 \u015fi ale prezentelor norme metodologice, la nivelul fiec\u0103rei autorit\u0103\u0163i sau institu\u0163ii publice se constituie o comisie de analiz\u0103 privind \u00eenc\u0103lcarea dreptului de acces la informa\u0163iile de interes public.<\/p>\n<p>(2) Comisia de analiz\u0103 privind \u00eenc\u0103lcarea dreptului de acces la informa\u0163iile de interes public va avea urm\u0103toarele responsabilit\u0103\u0163i:<\/p>\n<p>a) prime\u015fte \u015fi analizeaz\u0103 reclama\u0163iile persoanelor;<\/p>\n<p>b) efectueaz\u0103 cercetarea administrativ\u0103;<\/p>\n<p>c) stabile\u015fte dac\u0103 reclama\u0163ia persoanei privind \u00eenc\u0103lcarea dreptului de acces la informa\u0163iile de interes public este \u00eentemeiat\u0103 sau nu;<\/p>\n<p>d) \u00een cazul \u00een care reclama\u0163ia este \u00eentemeiat\u0103, propune aplicarea unei sanc\u0163iuni disciplinare pentru personalul responsabil \u015fi comunicarea informa\u0163iilor de interes public solicitate. \u00cen cazul func\u0163ionarilor publici culpabili comisia de analiz\u0103 va informa despre rezultatul cercet\u0103rii administrative comisia de disciplin\u0103 a autorit\u0103\u0163ii sau institu\u0163iei publice, care va propune aplicarea unei sanc\u0163iuni corespunz\u0103toare, potrivit legii;<\/p>\n<p>e) redacteaz\u0103 \u015fi trimite r\u0103spunsul solicitantului.<\/p>\n<p>ART. 36<\/p>\n<p>(1) Solicitantul care, dup\u0103 primirea r\u0103spunsului la reclama\u0163ia administrativ\u0103, se consider\u0103 \u00een continuare lezat \u00een drepturile sale prev\u0103zute de lege, poate face pl\u00e2ngere la sec\u0163ia de contencios administrativ a tribunalului, \u00een termen de 30 de zile de la expirarea termenelor prev\u0103zute la art. 7 din Legea nr. 544\/2001.<\/p>\n<p>(2) Scutirea de taxa de timbru pentru pl\u00e2ngerea la tribunal \u015fi recursul la curtea de apel nu include \u015fi scutirea de la plata serviciilor de copiere a informa\u0163iilor de interes public solicitate.[\/vc_column_text][\/vc_column][\/vc_row][vc_row][vc_column][vc_column_text]<a href=\"http:\/\/banat.rowater.ro\/wp-content\/uploads\/2022\/01\/Formular_reclamatie_administrativa_1_raspuns-negativ.doc\">Formular_reclamatie_administrativa_1_raspuns negativ<\/a><\/p>\n<p><a href=\"http:\/\/banat.rowater.ro\/wp-content\/uploads\/2022\/01\/Formular_reclamatie-administrativa-_2_depasire-termen-legal.doc\">Formular_reclamatie administrativa _2_depasire termen legal<\/a><\/p>\n<p><a href=\"http:\/\/banat.rowater.ro\/wp-content\/uploads\/2022\/01\/Model_cerere_informatii_Legea_544_2001.doc\">Model_cerere_informatii_Legea_544_2001<\/a>[\/vc_column_text][\/vc_column][\/vc_row]<\/p>\n","protected":false},"excerpt":{"rendered":"<p>[vc_row][vc_column][vc_column_text]\u00cen cazul \u00een care o persoan\u0103 consider\u0103 c\u0103 dreptul privind accesul la informa\u0163iile de interes public a fost \u00eenc\u0103lcat, aceasta se poate adresa cu reclama\u0163ie administrativ\u0103. \u00cen conformitate cu Hot\u0103r\u00e2rea\u2026<\/p>\n","protected":false},"author":2,"featured_media":0,"parent":5865,"menu_order":0,"comment_status":"closed","ping_status":"closed","template":"","meta":{"footnotes":""},"class_list":["post-5873","page","type-page","status-publish","hentry"],"_links":{"self":[{"href":"http:\/\/banat.rowater.ro\/index.php\/wp-json\/wp\/v2\/pages\/5873","targetHints":{"allow":["GET"]}}],"collection":[{"href":"http:\/\/banat.rowater.ro\/index.php\/wp-json\/wp\/v2\/pages"}],"about":[{"href":"http:\/\/banat.rowater.ro\/index.php\/wp-json\/wp\/v2\/types\/page"}],"author":[{"embeddable":true,"href":"http:\/\/banat.rowater.ro\/index.php\/wp-json\/wp\/v2\/users\/2"}],"replies":[{"embeddable":true,"href":"http:\/\/banat.rowater.ro\/index.php\/wp-json\/wp\/v2\/comments?post=5873"}],"version-history":[{"count":2,"href":"http:\/\/banat.rowater.ro\/index.php\/wp-json\/wp\/v2\/pages\/5873\/revisions"}],"predecessor-version":[{"id":6289,"href":"http:\/\/banat.rowater.ro\/index.php\/wp-json\/wp\/v2\/pages\/5873\/revisions\/6289"}],"up":[{"embeddable":true,"href":"http:\/\/banat.rowater.ro\/index.php\/wp-json\/wp\/v2\/pages\/5865"}],"wp:attachment":[{"href":"http:\/\/banat.rowater.ro\/index.php\/wp-json\/wp\/v2\/media?parent=5873"}],"curies":[{"name":"wp","href":"https:\/\/api.w.org\/{rel}","templated":true}]}}