{"id":5859,"date":"2021-10-01T08:03:45","date_gmt":"2021-10-01T08:03:45","guid":{"rendered":"http:\/\/10.40.11.204\/?page_id=5859"},"modified":"2023-05-16T08:37:46","modified_gmt":"2023-05-16T06:37:46","slug":"programe-si-strategii","status":"publish","type":"page","link":"http:\/\/banat.rowater.ro\/index.php\/despre-noi\/programe-si-strategii\/","title":{"rendered":"Programe \u0219i strategii"},"content":{"rendered":"<p>[vc_row][vc_column][vc_column_text]<\/p>\n<h1>Politica conform ISO 9001, ISO 14001, ISO 45001<\/h1>\n<h1><a href=\"http:\/\/banat.rowater.ro\/wp-content\/uploads\/2023\/05\/Politica-in-domeniul-calitatii-mediului-sanatatii-si-securitatii-ocupationale.pdf\">Politica \u00een domeniul calit\u0103\u021bii, mediului, s\u0103n\u0103t\u0103\u021bii \u0219i securit\u0103\u021bii ocupa\u021bionale<\/a><\/h1>\n<h1>Politica General\u0103 de Protec\u021bie a Datelor cu Caracter Personal<\/h1>\n<p><strong><a href=\"http:\/\/banat.rowater.ro\/wp-content\/uploads\/2023\/05\/Politica-generala-de-protectie-a-datelor-cu-caracter-personal.pdf\">Politica general\u0103 de protec\u021bie a datelor cu caracter personal<\/a><\/strong><\/p>\n<p><strong>DECLARATIA DE ADERARE LA STRATEGIA NATIONALA ANTICORUPTIE 2021 &#8211; 2025<\/strong><\/p>\n<p><a href=\"http:\/\/banat.rowater.ro\/wp-content\/uploads\/2023\/05\/Declaratia-de-aderare-la-Strategia-Nationala-Anticoruptie-2021-2025.pdf\">Declara\u021bia de aderare la Strategia Na\u021bional\u0103 Anticorup\u021bie 2021-2025<\/a><\/p>\n<p><a href=\"http:\/\/banat.rowater.ro\/wp-content\/uploads\/2023\/02\/Plan-de-egalitate-de-sanse-04.11.2022.pdf\">Plan de egalitate de sanse 04.11.2022<\/a><\/p>\n<p>&nbsp;<\/p>\n<p>&nbsp;<\/p>\n","protected":false},"excerpt":{"rendered":"<p>[vc_row][vc_column][vc_column_text] Politica conform ISO 9001, ISO 14001, ISO 45001 Politica \u00een domeniul calit\u0103\u021bii, mediului, s\u0103n\u0103t\u0103\u021bii \u0219i securit\u0103\u021bii ocupa\u021bionale Politica General\u0103 de Protec\u021bie a Datelor cu Caracter Personal Politica general\u0103 de\u2026<\/p>\n","protected":false},"author":2,"featured_media":0,"parent":5811,"menu_order":0,"comment_status":"closed","ping_status":"closed","template":"","meta":{"footnotes":""},"class_list":["post-5859","page","type-page","status-publish","hentry"],"_links":{"self":[{"href":"http:\/\/banat.rowater.ro\/index.php\/wp-json\/wp\/v2\/pages\/5859","targetHints":{"allow":["GET"]}}],"collection":[{"href":"http:\/\/banat.rowater.ro\/index.php\/wp-json\/wp\/v2\/pages"}],"about":[{"href":"http:\/\/banat.rowater.ro\/index.php\/wp-json\/wp\/v2\/types\/page"}],"author":[{"embeddable":true,"href":"http:\/\/banat.rowater.ro\/index.php\/wp-json\/wp\/v2\/users\/2"}],"replies":[{"embeddable":true,"href":"http:\/\/banat.rowater.ro\/index.php\/wp-json\/wp\/v2\/comments?post=5859"}],"version-history":[{"count":13,"href":"http:\/\/banat.rowater.ro\/index.php\/wp-json\/wp\/v2\/pages\/5859\/revisions"}],"predecessor-version":[{"id":9695,"href":"http:\/\/banat.rowater.ro\/index.php\/wp-json\/wp\/v2\/pages\/5859\/revisions\/9695"}],"up":[{"embeddable":true,"href":"http:\/\/banat.rowater.ro\/index.php\/wp-json\/wp\/v2\/pages\/5811"}],"wp:attachment":[{"href":"http:\/\/banat.rowater.ro\/index.php\/wp-json\/wp\/v2\/media?parent=5859"}],"curies":[{"name":"wp","href":"https:\/\/api.w.org\/{rel}","templated":true}]}}