{"id":12755,"date":"2025-05-30T09:38:25","date_gmt":"2025-05-30T07:38:25","guid":{"rendered":"http:\/\/banat.rowater.ro\/?page_id=12755"},"modified":"2025-06-27T10:56:52","modified_gmt":"2025-06-27T08:56:52","slug":"apel-selectie-proprietari-proiect-land4climate","status":"publish","type":"page","link":"http:\/\/banat.rowater.ro\/index.php\/despre-noi\/dezvoltare-si-investitii-achizitii\/proiecte-implementate-in-curs-de-implementare\/proiecte-in-curs-de-implementare\/land4climate\/apel-selectie-proprietari-proiect-land4climate\/","title":{"rendered":"Apel Selec\u021bie Proprietari Priva\u021bi Proiect Land4Climate"},"content":{"rendered":"<p>[vc_row][vc_column width=&#8221;2\/3&#8243;][vc_column_text]<span style=\"color: #ff0000;\"><strong>NOU!<\/strong> <span style=\"color: #000000;\">27.06.2025<\/span><\/span><\/p>\n<p><span style=\"color: #3366ff;\"><a href=\"http:\/\/banat.rowater.ro\/wp-content\/uploads\/2025\/06\/Anunt-rezultat-selectie-dosare.pdf\">Anunt rezultat selectie dosare<\/a><\/span><\/p>\n<p><span style=\"color: #3366ff;\">_<\/span><span style=\"color: #3366ff;\">_______________________________________________________<\/span><\/p>\n<p><em>Administra\u021bia Bazinal\u0103 de Ap\u0103 Banat (ABA Banat<\/em>) anun\u021b\u0103 c\u0103 \u00een data de <strong>30 mai 2025<\/strong> se va lansa apelul de selec\u021bie a dosarelor de participare pentru zona-pilot Lugoj\u2013Caransebe\u0219, \u00een cadrul proiectului Land4Climate, un demers inovator care sprijin\u0103 proprietarii de terenuri private \u00een \u00eembun\u0103t\u0103\u021birea rezilien\u021bei la schimb\u0103rile climatice prin implementarea de solu\u021bii bazate pe natur\u0103.<\/p>\n<p><span style=\"color: #ff0000;\">Instruc\u021biunile de lucru privind modul de \u00eenscriere \u00een cadrul Apelului le g\u0103si\u021bi acces\u00e2nd link-ul de mai jos:<\/span><\/p>\n<p><span style=\"color: #3366ff;\"><a href=\"http:\/\/banat.rowater.ro\/wp-content\/uploads\/2025\/05\/Procedura-NBS-Apel-selectie-proprietari-privati.pdf\">Procedura NBS Apel selectie proprietari privati<\/a><\/span><\/p>\n<p><span style=\"color: #3366ff;\">_<\/span><span style=\"color: #3366ff;\">_______________________________________________________<\/span><\/p>\n<p><span style=\"color: #ff0000;\"><strong>Calendarul apelului de selec\u021bie este urm\u0103torul:<\/strong><\/span><\/p>\n<p>Depunerea dosarelor de participare: 30 mai \u2013 23 iunie 2025 (p\u00e2n\u0103 la ora 12.00)<\/p>\n<p>Evaluarea dosarelor: 23 \u2013 27 iunie 2025 (p\u00e2n\u0103 la ora 10:00)<\/p>\n<p>Afi\u0219area rezultatelor: 27 iunie 2025<\/p>\n<p>Depunerea contesta\u021biilor: 27 iunie \u2013 01 iulie 2025<\/p>\n<p>Solu\u021bionarea contesta\u021biilor: 02 \u2013 03 iulie 2025<\/p>\n<p>Afi\u0219area solu\u021bion\u0103rii contesta\u021biilor\u00a0 \u0219i publicarea listei finale de selec\u021bie: 04 iulie 2025<\/p>\n<p>Semnarea acordurilor de parteneriat: 07 \u2013 11 iulie 2025<\/p>\n<p><span style=\"color: #3366ff;\">________________________________________________________<\/span><\/p>\n<p>Documente obligatorii a fi prezentate \u0219i completate de c\u0103tre proprietarii terenurilor, la data \u00eenscrierii la Apel, pot fi depuse fie letric la sediul A.B.A. Banat, B-dul 16 Decembrie 1989, nr. 2, C.P. 300173, Timi\u0219oara, jude\u021bul Timi\u0219, \u00een timpul programului luni-joi 07<sup>30<\/sup> \u2013 16<sup>00<\/sup> \u0219i vineri 07<sup>30<\/sup> \u2013 13<sup>30<\/sup>, fie semnate electronic pe adresele de email <a href=\"mailto:dispecer@dab.rowater.ro\">dispecer@dab.rowater.ro<\/a> \u0219i <a href=\"mailto:catalin.aldescu@dab.rowater.ro\">catalin.aldescu@dab.rowater.ro<\/a>, cu specifica\u021bia ca \u00een titlul emailului s\u0103 fie men\u021bionat \u201ePentru proiectul Land4Climate\u201d. Vor fi luate \u00een calcul doar dosarele de participare depuse, recep\u021bionate \u0219i \u00eenregistrate la sediul A.B.A. Banat p\u00e2n\u0103 la data de 23.06.2025, ora 12<sup>00<\/sup>. Eventualele contesta\u021bii pot fi trimise prin mijloacele de comunicare mai sus precizate.<\/p>\n<p>Pentru informa\u021bii suplimentare ofertan\u021bii pot trimite \u00eentreb\u0103ri \u00een scris pe adresa de email <u>catalin.aldescu@dab.rowater.ro<\/u> p\u00e2n\u0103 la data 16.06.2025.[\/vc_column_text][\/vc_column][vc_column width=&#8221;1\/3&#8243;][vc_column_text]<span style=\"color: #ff00ff;\"><strong>Documentele necesare \u00eenscriere candida\u021bi:<\/strong><\/span><\/p>\n<p><a href=\"http:\/\/banat.rowater.ro\/wp-content\/uploads\/2025\/05\/Solicitare-participare-Apel.pdf\">Solicitare participare Apel<\/a><\/p>\n<p><a href=\"http:\/\/banat.rowater.ro\/wp-content\/uploads\/2025\/05\/Consimtamant-prelucrare-date-personale.pdf\">Consimtamant prelucrare date personale<\/a><\/p>\n<p><a href=\"http:\/\/banat.rowater.ro\/wp-content\/uploads\/2025\/05\/Declaratie-conflict-interese.pdf\">Declaratie conflict interese<\/a><\/p>\n<p><a href=\"http:\/\/banat.rowater.ro\/wp-content\/uploads\/2025\/05\/Declaratie-de-angajament.pdf\">Declaratie de angajament<\/a><\/p>\n<p><a href=\"http:\/\/banat.rowater.ro\/wp-content\/uploads\/2025\/05\/Acord-cadru-parteneriat-L4C.pdf\">Acord cadru parteneriat L4C<\/a>[\/vc_column_text][\/vc_column][\/vc_row][vc_row][vc_column][vc_single_image image=&#8221;12775&#8243; img_size=&#8221;large&#8221; alignment=&#8221;center&#8221; onclick=&#8221;custom_link&#8221; css=&#8221;.vc_custom_1748595486573{background-position: center !important;background-repeat: no-repeat !important;background-size: contain !important;}&#8221; link=&#8221;http:\/\/banat.rowater.ro\/index.php\/despre-noi\/dezvoltare-si-investitii-achizitii\/proiecte-implementate-in-curs-de-implementare\/proiecte-in-curs-de-implementare\/land4climate\/&#8221;][\/vc_column][\/vc_row]<\/p>\n","protected":false},"excerpt":{"rendered":"<p>[vc_row][vc_column width=&#8221;2\/3&#8243;][vc_column_text]NOU! 27.06.2025 Anunt rezultat selectie dosare ________________________________________________________ Administra\u021bia Bazinal\u0103 de Ap\u0103 Banat (ABA Banat) anun\u021b\u0103 c\u0103 \u00een data de 30 mai 2025 se va lansa apelul de selec\u021bie a\u2026<\/p>\n","protected":false},"author":3,"featured_media":0,"parent":12371,"menu_order":0,"comment_status":"closed","ping_status":"closed","template":"","meta":{"footnotes":""},"class_list":["post-12755","page","type-page","status-publish","hentry"],"_links":{"self":[{"href":"http:\/\/banat.rowater.ro\/index.php\/wp-json\/wp\/v2\/pages\/12755","targetHints":{"allow":["GET"]}}],"collection":[{"href":"http:\/\/banat.rowater.ro\/index.php\/wp-json\/wp\/v2\/pages"}],"about":[{"href":"http:\/\/banat.rowater.ro\/index.php\/wp-json\/wp\/v2\/types\/page"}],"author":[{"embeddable":true,"href":"http:\/\/banat.rowater.ro\/index.php\/wp-json\/wp\/v2\/users\/3"}],"replies":[{"embeddable":true,"href":"http:\/\/banat.rowater.ro\/index.php\/wp-json\/wp\/v2\/comments?post=12755"}],"version-history":[{"count":31,"href":"http:\/\/banat.rowater.ro\/index.php\/wp-json\/wp\/v2\/pages\/12755\/revisions"}],"predecessor-version":[{"id":12814,"href":"http:\/\/banat.rowater.ro\/index.php\/wp-json\/wp\/v2\/pages\/12755\/revisions\/12814"}],"up":[{"embeddable":true,"href":"http:\/\/banat.rowater.ro\/index.php\/wp-json\/wp\/v2\/pages\/12371"}],"wp:attachment":[{"href":"http:\/\/banat.rowater.ro\/index.php\/wp-json\/wp\/v2\/media?parent=12755"}],"curies":[{"name":"wp","href":"https:\/\/api.w.org\/{rel}","templated":true}]}}