{"id":12371,"date":"2025-02-21T10:26:59","date_gmt":"2025-02-21T08:26:59","guid":{"rendered":"http:\/\/banat.rowater.ro\/?page_id=12371"},"modified":"2025-06-05T07:30:16","modified_gmt":"2025-06-05T05:30:16","slug":"land4climate","status":"publish","type":"page","link":"http:\/\/banat.rowater.ro\/index.php\/despre-noi\/dezvoltare-si-investitii-achizitii\/proiecte-implementate-in-curs-de-implementare\/proiecte-in-curs-de-implementare\/land4climate\/","title":{"rendered":"LAND4CLIMATE"},"content":{"rendered":"<p>[vc_row][vc_column width=&#8221;1\/2&#8243;]<a href=\"http:\/\/banat.rowater.ro\/index.php\/despre-noi\/dezvoltare-si-investitii-achizitii\/proiecte-implementate-in-curs-de-implementare\/proiecte-in-curs-de-implementare\/land4climate\/apel-selectie-proprietari-proiect-land4climate\/\" class=\"anar-btn\" target=\"_blank\">Apel Selec\u021bie Proprietari Priva\u021bi Proiect Land4Climate <i class=\"anar-icon-arrow_forward\"><\/i><\/a>[\/vc_column][vc_column width=&#8221;1\/2&#8243;][vc_single_image image=&#8221;12775&#8243; img_size=&#8221;large&#8221; alignment=&#8221;center&#8221; css=&#8221;.vc_custom_1748595342316{background-position: center !important;background-repeat: no-repeat !important;background-size: contain !important;}&#8221;][\/vc_column][\/vc_row][vc_row][vc_column width=&#8221;1\/2&#8243;][vc_gallery interval=&#8221;3&#8243; images=&#8221;12398,12402,12404,12406,12407&#8243; img_size=&#8221;medium&#8221;]<ul class=\"anar-page-list\"><li><a href=\"https:\/\/land4climate.eu\/\" target=\"_blank\" rel=\"\">Site LAND4CLIMATE<\/a><\/li><li><a href=\"https:\/\/www.facebook.com\/profile.php?id=61555754953272\" target=\"_blank\" rel=\"\">Facebook LAND4CLIMATE<\/a><\/li><li><a href=\"https:\/\/www.facebook.com\/ApeleRomaneBanatTimisoara\" target=\"_blank\" rel=\"\">Facebook ABA Banat<\/a><\/li><\/ul>[\/vc_column][vc_column width=&#8221;1\/2&#8243;][vc_column_text]<\/p>\n<h2><b>Ce este LAND4CLIMATE?<\/b><\/h2>\n<ul>\n<li>LAND4CLIMATE este un proiect cu finan\u021bare european\u0103 prin programul HORIZON EUROPE<\/li>\n<li>LAND4CLIMATE se concentreaz\u0103 pe sporirea rezisten\u021bei acelor zone afectate de inunda\u021bii, secete, incendii, pierderea biodiversit\u0103\u021bii \u0219i degradarea solului, prin promovarea implement\u0103rii solu\u021biilor bazate pe natur\u0103 (NBS) pe teren privat.<\/li>\n<li>LAND4CLIMATE contribuie \u00een mod activ la adaptarea la impactul schimb\u0103rilor climatice, oferind un plan pentru implementarea efectiv\u0103 \u0219i eficient\u0103 a NBS pe terenuri private.<\/li>\n<li>LAND4CLIMATE propune m\u0103suri verzi \u00een \u0219ase \u021b\u0103ri europene: Austria, Republica Ceh\u0103, Germania, Italia, Rom\u00e2nia \u0219i Slovacia.<\/li>\n<li>Zona pilot \u00een Rom\u00e2nia: sectorul mijlociu al r\u00e2ului Timi\u0219<\/li>\n<\/ul>\n<p>[\/vc_column_text][\/vc_column][\/vc_row][vc_row][vc_column width=&#8221;1\/2&#8243;][vc_separator][vc_column_text]<\/p>\n<h2><b>Cine este LAND4CLIMATE?<\/b><\/h2>\n<p><b>Un consor\u021biu \u00eentre diver\u0219i parteneri din mediul academic \u0219i <\/b><b>factori <\/b><b>i<\/b><b>nteresa\u021bi<\/b> <b>de<\/b><b> domeniul gospod\u0103ririi resurselor de ap\u0103, iar partenerii din Rom\u00e2nia sunt ABA Banat \u0219i Universitatea Politehnica Timi\u0219oara.<\/b><\/p>\n<h3><span style=\"color: #008000;\"><b>Bugetul proiectului: 12 904 833.50 euro<\/b><\/span><\/h3>\n<h3><b>Perioada<\/b> <b>proiectului<\/b><b>: 01.09.2023 \u2013 31.08.2027<\/b><\/h3>\n<p>[\/vc_column_text][\/vc_column][vc_column width=&#8221;1\/2&#8243;][vc_separator][vc_column_text]<\/p>\n<h2><b>Obiectivul LAND4CLIMATE<\/b><\/h2>\n<p>Cre\u0219terea gradului de con\u0219tientizare \u0219i \u00een\u021belegere a solu\u021biilor bazate pe natur\u0103 (NBS), subliniind beneficiile acestora pentru durabilitatea mediului, adaptarea la schimb\u0103rile climatice, conservarea biodiversit\u0103\u021bii, bun\u0103starea social\u0103 \u0219i rezilien\u021ba comunit\u0103\u021bii.[\/vc_column_text][\/vc_column][\/vc_row][vc_row][vc_column][vc_separator color=&#8221;orange&#8221; border_width=&#8221;3&#8243;][vc_tta_pageable no_fill_content_area=&#8221;1&#8243; active_section=&#8221;1&#8243; title=&#8221;Comunicate de pres\u0103&#8221;][vc_tta_section title=&#8221;27.05.2025&#8243; tab_id=&#8221;1748428408868-bf5991a5-6ca5&#8243;][vc_column_text]<\/p>\n<p class=\"Footer1\" style=\"text-align: left;\" align=\"center\"><b><span lang=\"RO\" style=\"font-size: 14.0pt;\">Se va lansa apelul de selec\u021bie \u00een cadrul proiectului Land4Climate<\/span><\/b><\/p>\n<p style=\"text-align: left;\" align=\"center\"><span style=\"color: #3366ff;\">27.05.2025<\/span><\/p>\n<p><em>Administra\u021bia Bazinal\u0103 de Ap\u0103 Banat (ABA Banat<\/em>) anun\u021b\u0103 c\u0103 \u00een data de <strong>30 mai 2025<\/strong> se va lansa apelul de selec\u021bie a dosarelor de participare pentru zona-pilot Lugoj\u2013Caransebe\u0219, \u00een cadrul proiectului Land4Climate, un demers inovator care sprijin\u0103 proprietarii de terenuri private \u00een \u00eembun\u0103t\u0103\u021birea rezilien\u021bei la schimb\u0103rile climatice prin implementarea de solu\u021bii bazate pe natur\u0103.<\/p>\n<p><strong>Calendarul apelului de selec\u021bie este urm\u0103torul:<\/strong><\/p>\n<p>Depunerea dosarelor de participare: 30 mai \u2013 23 iunie 2025 (p\u00e2n\u0103 la ora12.00)<\/p>\n<p>Evaluarea dosarelor: 23 \u2013 27 iunie 2025 (p\u00e2n\u0103 la ora 10:00)<\/p>\n<p>Afi\u0219area rezultatelor: 27 iunie 2025<\/p>\n<p>Depunerea contesta\u021biilor: 27 iunie \u2013 01 iulie 2025<\/p>\n<p>Solu\u021bionarea contesta\u021biilor: 02 \u2013 03 iulie 2025<\/p>\n<p>Afi\u0219area solu\u021bion\u0103rii contesta\u021biilor\u00a0 \u0219i publicarea listei finale de selec\u021bie: 04 iulie 2025<\/p>\n<p>Semnarea acordurilor de parteneriat: 07 \u2013 11 iulie 2025<\/p>\n<p><strong>Modalit\u0103\u021bi de depunere a dosarelor:<\/strong><\/p>\n<p>Dosarele de participare pot fi transmise prin:<\/p>\n<p><strong>Email <\/strong><u>(doar dac\u0103 folosi\u021bi semn\u0103tura electronic\u0103<\/u>)<strong>:<\/strong> la adresele <a href=\"mailto:dispecer@dab.rowater.ro\">dispecer@dab.rowater.ro<\/a> \u0219i\/sau <a href=\"mailto:catalin.aldescu@dab.rowater.ro\">catalin.aldescu@dab.rowater.ro<\/a><\/p>\n<p><em>Men\u021biune obligatorie la subiect: \u201ePentru depunere dosar \u00een proiectul Land4Climate\u201d<\/em><\/p>\n<p><strong>Po\u0219t\u0103 sau depunere personal\u0103:<\/strong> la sediul Administra\u021biei Bazinale de Ap\u0103 Banat, Timi\u0219oara, Bd. 16 Decembrie 1989, nr. 2, cod po\u0219tal 300173.<\/p>\n<p><strong>Vor fi luate \u00een calcul doar dosarele de participare depuse, recep\u021bionate \u0219i \u00eenregistrate la sediul ABA Banat p\u00e2n\u0103 la data de 23 iunie, ora 12.00.<\/strong><\/p>\n<p>Condi\u021biile de eligibilitate \u0219i documenta\u021bia necesar\u0103 vor fi disponibile conform calendarului apelului, \u00eencep\u00e2nd cu data de 30 mai, pe site-ul oficial al proiectului: <a href=\"http:\/\/www.land4climate.eu\">www.land4climate.eu<\/a> , versiunea \u00een limba rom\u00e2n\u0103 \u0219i pe site-ul oficial ABA Banat, <a href=\"https:\/\/banat.rowater.ro\">https:\/\/banat.rowater.ro<\/a> sec\u021biunea dedicat\u0103 proiectului Land4Climate.<\/p>\n<p><em>\u00a0<\/em><em>Land4Climate<\/em> este un proiect dedicat promov\u0103rii gestion\u0103rii durabile a terenurilor \u0219i conserv\u0103rii resurselor naturale, orientat \u00een special pe resursele de ap\u0103, oferind sprijin concret proprietarilor interesa\u021bi de adaptarea la schimb\u0103rile climatice prin m\u0103suri ecologice \u0219i inovative.<\/p>\n<p>Pentru informa\u021bii suplimentare, v\u0103 rug\u0103m s\u0103 ne contacta\u021bi la adresa de email <a href=\"mailto:catalin.aldescu@dab.rowater.ro\">catalin.aldescu@dab.rowater.ro<\/a><\/p>\n<p>&nbsp;<\/p>\n<p class=\"Footer1\" style=\"text-align: center;\" align=\"center\"><span lang=\"RO\" style=\"font-size: 11.0pt;\">Sorina Neaga<\/span><\/p>\n<p class=\"Footer1\" style=\"text-align: center;\" align=\"center\"><span lang=\"RO\" style=\"font-size: 11.0pt;\">Specialist Rela\u021bii Publice \u00een cadrul proiectului Land4Climate<\/span><\/p>\n<p>[\/vc_column_text][\/vc_tta_section][vc_tta_section title=&#8221;21.05.2025&#8243; tab_id=&#8221;1748428408878-098c5485-4259&#8243;][vc_column_text]<strong>Solu\u021bii naturale pentru cre\u0219terea gradului de rezilien\u021b\u0103 la schimb\u0103rile climatice pe terenuri private \u2013 ABA Banat lanseaz\u0103 un demers \u00een premier\u0103 \u00een zona r\u00e2ului Timi\u0219<\/strong><\/p>\n<p><span style=\"color: #3366ff;\">21 mai 2025<\/span><\/p>\n<p><strong>Administra\u021bia Bazinal\u0103 de Ap\u0103 Banat (ABA Banat<\/strong>), \u00een calitate de partener \u00een cadrul proiectului european <em>Land4Climate<\/em>, anun\u021b\u0103 progresele realizate \u00een primele etape ale implement\u0103rii. Proiectul este unul de pionierat \u00een Rom\u00e2nia \u0219i vizeaz\u0103 implementarea de <strong>solu\u021bii bazate pe natur\u0103 (SBN<\/strong>) pe <strong>terenuri private<\/strong>, pentru reducerea riscurilor generate de schimb\u0103rile climatice.<\/p>\n<p>Zona pilot a proiectului este <strong>sectorul mijlociu al r\u00e2ului Timi\u0219<\/strong>, \u00eentre Caransebe\u0219 \u0219i Lugoj, unde ABA Banat preg\u0103te\u0219te <strong>interven\u021bii verzi<\/strong> ce vizeaz\u0103 restaurarea conectivit\u0103\u021bii laterale a r\u00e2ului \u0219i \u00eembun\u0103t\u0103\u021birea regimului de curgere a apei \u00een perioade secetoase \u0219i de ape mari.<\/p>\n<p>Pentru prima dat\u0103 \u00een Rom\u00e2nia, ABA Banat colaboreaz\u0103 direct cu <strong>proprietari de terenuri private<\/strong> pentru a integra m\u0103suri bazate pe natur\u0103 de adaptare la schimb\u0103rile climatice. Procedura de selec\u021bie a terenurilor eligibile este deja preg\u0103tit\u0103 \u0219i va fi publicat\u0103 \u00een cur\u00e2nd pe site-ul ABA Banat.<\/p>\n<p>Ac\u021biunile-cheie derulate \u00een aceast\u0103 etap\u0103 sunt:<\/p>\n<p>Furnizarea de informa\u021bii \u0219i discu\u021bii preliminare cu proprietarii de terenuri private (persoane fizice \u0219i juridice)interesa\u021bi s\u0103 participe \u00een proiect<\/p>\n<ul>\n<li>Organizarea de workshop-uri tematice pentru actorii locali \u0219i regionali, cu accent pe schimbul de cuno\u0219tin\u021be \u00eentre zonele pilot \u0219i regiunile lor de replicare.<\/li>\n<li>\u00cent\u00e2lniri cu autorit\u0103\u021bile locale din zona pilot pentru sus\u021binerea implement\u0103rii m\u0103surilor prev\u0103zute \u00een proiect.<\/li>\n<\/ul>\n<p>\u00cenc\u0103 din aceast\u0103 s\u0103pt\u0103m\u00e2n\u0103 va \u00eencepe distribuirea de materiale informative privind beneficiile SBN pentru comunit\u0103\u021bi \u0219i mediu, c\u0103tre prim\u0103riile interesate din zona pilot, ca parte a eforturilor de informare \u0219i implicare a comunit\u0103\u021bilor locale. Ac\u021biunea precede lansarea oficial\u0103 a procedurii de selec\u021bie a proprietarilor de terenuri interesa\u021bi s\u0103 participe la proiectul Land4Climate.<\/p>\n<p><em>\u201eEforturile noastre s-au concentrat \u00een aceast\u0103 etap\u0103 pe construirea unei funda\u021bii solide pentru implementarea solu\u021biilor bazate pe natur\u0103. Am deschis dialogul cu comunit\u0103\u021bile locale \u0219i proprietarii de terenuri \u0219i am creat cadrul necesar colabor\u0103rii\u201d<\/em>, a declarat C\u0103t\u0103lin Nagy, managerul de proiect.<\/p>\n<p>Proiectul <em>Land4Climate<\/em> are o valoare total\u0103 de 12.904.833,50 euro \u0219i se deruleaz\u0103 p\u00e2n\u0103 \u00een anul 2027. Din aceast\u0103 sum\u0103, 1.304.761 euro sunt aloca\u021bi pentru activit\u0103\u021bile desf\u0103\u0219urate de ABA Banat. Fondurile sunt asigurate integral, prin Programul Horizon Europe Climate, de c\u0103tre Uniunea European\u0103.<\/p>\n<p>&nbsp;<\/p>\n<p>Sorina Neaga<\/p>\n<p>Specialist Rela\u021bii Publice \u00een cadrul proiectului Land4Climate<\/p>\n<p>&nbsp;<\/p>\n<p>[\/vc_column_text][\/vc_tta_section][vc_tta_section title=&#8221;31.07.2024&#8243; tab_id=&#8221;1748429434122-4042aa8c-4339&#8243;][vc_column_text]<strong>Solu\u021bii noi bazate pe natur\u0103 pentru adaptarea la schimb\u0103rile climatice \u00een bazinul Timi\u0219ului superior<\/strong><\/p>\n<p><span style=\"color: #3366ff;\">31.07.2024<\/span><\/p>\n<p><strong>Administra\u021bia Bazinal\u0103 de Ap\u0103 Banat<\/strong> ( ABA Banat) este parte a proiectului european LAND4CLIMATE \u00a0care \u00ee\u0219i propune s\u0103 implementeze solu\u021bii bazate pe natur\u0103 \u00a0\u00een regiuni deja afectate de problemele legate de schimb\u0103rile climatice, cum ar fi: inunda\u021bii, secete, incendii, pierderea biodiversit\u0103\u021bii \u0219i degradarea solului.<\/p>\n<p>Obiectivul general al proiectului este con\u0219tientizarea beneficiilor aduse de solu\u021biile bazate pe natur\u0103 pentru mediu, adaptarea la schimb\u0103rile climatice, conservarea \u00a0biodiversit\u0103\u021bii \u0219i bun\u0103starea social\u0103 a comunit\u0103\u021bii.<\/p>\n<p>LAND4CLIMATE se concentreaz\u0103 pe sporirea rezilien\u021bei la schimb\u0103rile climatice prin promovarea implement\u0103rii solu\u021biilor bazate pe natur\u0103 (SBN) multifunc\u021bionale <strong>pe terenuri private<\/strong>. Proiectul \u00eentreprinde ac\u021biuni \u00een \u0219ase \u021b\u0103ri europene, care propun \u0219i zonele pilot: Austria, Republica Ceh\u0103, Germania, Italia, Rom\u00e2nia \u0219i Slovacia.<\/p>\n<p>ABA Banat \u00a0a propus ca zon\u0103 pilot tronsonul mijlociu al Timi\u0219ului (Caransebe\u0219 \u2013 Lugoj). \u00a0Ac\u021biunile asociate proiectului LAND4CLIMATE au ca scop sporirea rezilien\u021bei sociale \u0219i economice la modific\u0103rile climatice, contribuind astfel la o dezvoltare durabil\u0103 a zonei.<\/p>\n<p>Aceste ac\u021biuni includ \u00eembun\u0103t\u0103\u021birea conectivit\u0103\u021bii laterale a cursului de ap\u0103 prin extinderea zonelor umede, \u00eembun\u0103t\u0103\u021birea habitatelor de pe malul r\u00e2ului Timi\u0219 prin plantare de arbori \u0219i vegeta\u021bie, cu scopul de a reduce riscul la inunda\u021bii \u0219i cre\u0219terea rezervei de ap\u0103 din p\u00e2nza freatic\u0103 pentru perioadele secetoase.<\/p>\n<p>Proprietarii de terenuri din vecin\u0103tatea sectorului r\u00e2ului Timi\u0219, respectiv Caransebe\u0219 \u2013 Lugoj,<u> sunt esen\u021biali <\/u>pentru proiectul LAND4CLIMATE, deoarece pot participa cu propriile terenuri la \u00a0implementarea solu\u021biilor bazate pe natur\u0103. Succesul proiectului dore\u0219te s\u0103 creeze o emula\u021bie pentru extinderea aplic\u0103rii acestor tipuri de m\u0103suri pe terenuri private la o scar\u0103 larg\u0103.<\/p>\n<p>Perioada de implementare a proiectului LAND4CLIMATE\u00a0 este 2023-2027 .<\/p>\n<p>Valoarea total\u0103 a proiectului este de 12.904.833,50 euro. Valoarea proiectului alocat\u0103 pentru ABA Banat este de 1.304.761 euro.<\/p>\n<p>Fondurile sunt asigurate integral prin Programul Horizon Europe Climate.<\/p>\n<p><em>\u00a0<\/em><\/p>\n<p>Sorina Neaga<\/p>\n<p>Specialist Rela\u021bii Publice \u00een cadrul proiectului Land4Climate[\/vc_column_text][\/vc_tta_section][\/vc_tta_pageable][\/vc_column][\/vc_row][vc_row][vc_column][\/vc_column][\/vc_row]<\/p>\n","protected":false},"excerpt":{"rendered":"<p>[vc_row][vc_column width=&#8221;1\/2&#8243;][\/vc_column][vc_column width=&#8221;1\/2&#8243;][vc_single_image image=&#8221;12775&#8243; img_size=&#8221;large&#8221; alignment=&#8221;center&#8221; css=&#8221;.vc_custom_1748595342316{background-position: center !important;background-repeat: no-repeat !important;background-size: contain !important;}&#8221;][\/vc_column][\/vc_row][vc_row][vc_column width=&#8221;1\/2&#8243;][vc_gallery interval=&#8221;3&#8243; images=&#8221;12398,12402,12404,12406,12407&#8243; img_size=&#8221;medium&#8221;][\/vc_column][vc_column width=&#8221;1\/2&#8243;][vc_column_text] Ce este LAND4CLIMATE? LAND4CLIMATE este un proiect cu finan\u021bare european\u0103 prin programul\u2026<\/p>\n","protected":false},"author":5,"featured_media":0,"parent":8571,"menu_order":0,"comment_status":"closed","ping_status":"closed","template":"","meta":{"footnotes":""},"class_list":["post-12371","page","type-page","status-publish","hentry"],"_links":{"self":[{"href":"http:\/\/banat.rowater.ro\/index.php\/wp-json\/wp\/v2\/pages\/12371","targetHints":{"allow":["GET"]}}],"collection":[{"href":"http:\/\/banat.rowater.ro\/index.php\/wp-json\/wp\/v2\/pages"}],"about":[{"href":"http:\/\/banat.rowater.ro\/index.php\/wp-json\/wp\/v2\/types\/page"}],"author":[{"embeddable":true,"href":"http:\/\/banat.rowater.ro\/index.php\/wp-json\/wp\/v2\/users\/5"}],"replies":[{"embeddable":true,"href":"http:\/\/banat.rowater.ro\/index.php\/wp-json\/wp\/v2\/comments?post=12371"}],"version-history":[{"count":50,"href":"http:\/\/banat.rowater.ro\/index.php\/wp-json\/wp\/v2\/pages\/12371\/revisions"}],"predecessor-version":[{"id":12866,"href":"http:\/\/banat.rowater.ro\/index.php\/wp-json\/wp\/v2\/pages\/12371\/revisions\/12866"}],"up":[{"embeddable":true,"href":"http:\/\/banat.rowater.ro\/index.php\/wp-json\/wp\/v2\/pages\/8571"}],"wp:attachment":[{"href":"http:\/\/banat.rowater.ro\/index.php\/wp-json\/wp\/v2\/media?parent=12371"}],"curies":[{"name":"wp","href":"https:\/\/api.w.org\/{rel}","templated":true}]}}