{"id":11986,"date":"2024-11-20T22:48:24","date_gmt":"2024-11-20T20:48:24","guid":{"rendered":"http:\/\/banat.rowater.ro\/?page_id=11986"},"modified":"2025-02-28T16:20:19","modified_gmt":"2025-02-28T14:20:19","slug":"ape-curate","status":"publish","type":"page","link":"http:\/\/banat.rowater.ro\/index.php\/informatii-de-interes-public\/ape-curate\/","title":{"rendered":"Ape curate &#8211; verde, via\u021b\u0103, viitor"},"content":{"rendered":"<p>[vc_row][vc_column width=&#8221;1\/2&#8243;][vc_column_text]<\/p>\n<h2>Despre Campanie<\/h2>\n<p>Campania \u201eApe curate-Verde, Via\u021b\u0103, Viitor!\u201d urm\u0103re\u0219te implementarea mai multor ac\u021biuni de con\u0219tientizare a problemelor de mediu, monitorizarea \u0219i evaluarea acestora \u00een vederea cre\u0219terii nivelului de educa\u021bie a tinerei genera\u021bii pentru un mediu curat \u0219i s\u0103n\u0103tos.<\/p>\n<p>G\u00e2ndit\u0103 s\u0103 se desf\u0103\u0219oare pe minim 3 ani, ea are ca punct de plecare bazinul superior al Beg\u0103i unde se vor desf\u0103\u0219ura actiuni educative de con\u0219tientizare a p\u0103str\u0103rii apelor curate la comunit\u0103\u021bile riverane, urm\u00e2nd ca apoi s\u0103 se extind\u0103 \u0219i la alte r\u00e2uri din spa\u021biul hidrografic Banat.[\/vc_column_text][vc_separator color=&#8221;turquoise&#8221; border_width=&#8221;6&#8243;][vc_column_text]<\/p>\n<div dir=\"auto\">\n<h2>Ac\u021biuni<\/h2>\n<\/div>\n<div class=\"x11i5rnm xat24cr x1mh8g0r x1vvkbs xtlvy1s x126k92a\">\n<div dir=\"auto\"><\/div>\n<\/div>\n<p>[\/vc_column_text][vc_tta_pageable no_fill_content_area=&#8221;1&#8243; active_section=&#8221;1&#8243; css_animation=&#8221;none&#8221;][vc_tta_section title=&#8221;Section 1&#8243; tab_id=&#8221;1740402920387-5190131d-cc48&#8243;][vc_column_text]<span style=\"color: #339966;\">28 februarie 2025<\/span><\/p>\n<p>In contextul provoc\u0103rilor ecologice, ABA Banat\u00a0 \u0219i Aquatim au inceput orele de educatie ecologica la elevii scolilor din Timis situate in bazinul superior al Begai. Ieri am fost la Scoala Gimnaziala Sorin Leia din localitatea Tome\u0219ti. O altfel de activitate din S\u0103pt\u0103m\u00e2na Altfel al acestor copii, afla\u021bi chiar pe malul Beg\u0103i, \u00een care am purtat discu\u021bii \u0219i am recapitulat informa\u021bii interesante despre ap\u0103 \u00een general, despre Bega \u0219i sistemul de alimentare cu ap\u0103, \u00een particular.<\/p>\n<p>Informa\u021biile noi pe care le-am adus promoveaz\u0103 \u00een\u021belegerea impactului activit\u0103\u021bilor umane asupra mediului, dar ajut\u0103 \u0219i la formarea unor obiceiuri responsabile, cum ar fi reciclarea, economisirea resurselor naturale \u0219i protejarea biodiversit\u0103\u021bii.<\/p>\n<p>Sper\u0103m ca si voi s\u0103 face\u021bi alegeri mai prietenoase cu mediul \u00een via\u021ba de zi cu zi! Vom continua cu alte \u0219coli riverane Beg\u0103i superioare.[\/vc_column_text][\/vc_tta_section][vc_tta_section title=&#8221;Section&#8221; tab_id=&#8221;1740739752213-7a637c29-f1a1&#8243;][vc_column_text]<span style=\"color: #ff9900;\"><strong>10 august 2024<\/strong><\/span><\/p>\n<div class=\"xdj266r x11i5rnm xat24cr x1mh8g0r x1vvkbs x126k92a\">\n<div dir=\"auto\"><em>Am terminat cele 2 zile de ecologizare pe r\u00e2ul Bega!<\/em><\/div>\n<\/div>\n<div class=\"x11i5rnm xat24cr x1mh8g0r x1vvkbs xtlvy1s x126k92a\">\n<div dir=\"auto\">Vineri, 9 august, \u0219i s\u00e2mb\u0103t\u0103, 10 august, am participat cu voluntari iubitori de fapte bune la ecologizarea a dou\u0103 tronsoane mari din r\u00e2ul Bega Superioar\u0103. Este vorba de Bega Poienilor \u0219i Bega \u00een zonele Rom\u00e2ne\u0219ti, Poieni, Pietroasa, Crivina de Sus.<\/div>\n<\/div>\n<div class=\"x11i5rnm xat24cr x1mh8g0r x1vvkbs xtlvy1s x126k92a\">\n<div dir=\"auto\">Am muncit cu spor, am legat prietenii, am f\u0103cut planuri pentru alte activit\u0103\u021bi ecologice. R\u00e2urile merit\u0103 din partea noastr\u0103 toat\u0103 aten\u021bia \u0219i protec\u021bia pe care le-o putem oferi.<\/div>\n<\/div>\n<div class=\"x11i5rnm xat24cr x1mh8g0r x1vvkbs xtlvy1s x126k92a\">\n<div dir=\"auto\">R\u00e2uri curate \u0219i oameni iubitori de natur\u0103 \u0219i cur\u0103\u021benie! V\u0103 mul\u021bumim!<\/div>\n<\/div>\n<div class=\"x11i5rnm xat24cr x1mh8g0r x1vvkbs xtlvy1s x126k92a\">\n<div dir=\"auto\">Ac\u021biunea face parte din proiectul &#8222;Ape Curate -Verde, Via\u021b\u0103, Viitor&#8221;.<\/div>\n<\/div>\n<div class=\"x11i5rnm xat24cr x1mh8g0r x1vvkbs xtlvy1s x126k92a\">\n<div dir=\"auto\">\u00cempreun\u0103 cu Asocia\u021bia <span class=\"html-span xdj266r x11i5rnm xat24cr x1mh8g0r xexx8yu x4uap5 x18d9i69 xkhd6sd x1hl2dhg x16tdsg8 x1vvkbs\"><span class=\"xt0psk2\">Verde de Banat<\/span><\/span> , <span class=\"html-span xdj266r x11i5rnm xat24cr x1mh8g0r xexx8yu x4uap5 x18d9i69 xkhd6sd x1hl2dhg x16tdsg8 x1vvkbs\"><span class=\"xt0psk2\">Aquatim S.A.<\/span><\/span> , <span class=\"html-span xdj266r x11i5rnm xat24cr x1mh8g0r xexx8yu x4uap5 x18d9i69 xkhd6sd x1hl2dhg x16tdsg8 x1vvkbs\"><span class=\"xt0psk2\">ADID Timis &#8211; Asocia\u021bia de Dezvoltare<\/span><\/span>, <span class=\"html-span xdj266r x11i5rnm xat24cr x1mh8g0r xexx8yu x4uap5 x18d9i69 xkhd6sd x1hl2dhg x16tdsg8 x1vvkbs\"><span class=\"xt0psk2\">Ursus Breweries<\/span><\/span>, <span class=\"html-span xdj266r x11i5rnm xat24cr x1mh8g0r xexx8yu x4uap5 x18d9i69 xkhd6sd x1hl2dhg x16tdsg8 x1vvkbs\"><span class=\"xt0psk2\">Smithfield<\/span><\/span> facem fapte bune pe Ape!<\/div>\n<\/div>\n<p>[\/vc_column_text][\/vc_tta_section][vc_tta_section title=&#8221;Section 2&#8243; tab_id=&#8221;1740402920387-527066aa-44f3&#8243;][vc_column_text]<\/p>\n<div dir=\"auto\"><span style=\"color: #ff9900;\"><strong>7 iunie 2024<\/strong><\/span><\/div>\n<div dir=\"auto\"><em>Am dat startul primei ac\u021biuni din campania noastr\u0103 APE CURATE-VERDE, VIA\u021a\u0102, VIITOR!<\/em><\/div>\n<div dir=\"auto\"><\/div>\n<div dir=\"auto\"><\/div>\n<div class=\"x11i5rnm xat24cr x1mh8g0r x1vvkbs xtlvy1s x126k92a\">\n<div dir=\"auto\">Elevii \u0219colilor situate \u00een localit\u0103\u021bile Pietroasa, Curtea, Margina, Tome\u0219ti au ie\u0219it la o ac\u021biune de ecologizare a malurilor r\u00e2ului Bega, bazinul superior. Cei 180 care s-au \u00eenscris voluntari la ecologizare!<\/div>\n<\/div>\n<div class=\"x11i5rnm xat24cr x1mh8g0r x1vvkbs xtlvy1s x126k92a\">\n<div dir=\"auto\">Asocia\u021bia\u00a0<span class=\"html-span xdj266r x11i5rnm xat24cr x1mh8g0r xexx8yu x4uap5 x18d9i69 xkhd6sd x1hl2dhg x16tdsg8 x1vvkbs\"><span class=\"xt0psk2\">Verde de Banat<\/span><\/span>\u00a0este organizatorul acestei ac\u021biuni. Super implicare din partea profesorului Iosif Martinescu!<\/div>\n<\/div>\n<div class=\"x11i5rnm xat24cr x1mh8g0r x1vvkbs xtlvy1s x126k92a\">\n<div dir=\"auto\">Am ajutat \u0219i noi, cu colegii de la Forma\u021bia de lucru F\u0103get \u0219i colegii de la\u00a0<span class=\"html-span xdj266r x11i5rnm xat24cr x1mh8g0r xexx8yu x4uap5 x18d9i69 xkhd6sd x1hl2dhg x16tdsg8 x1vvkbs\"><span class=\"xt0psk2\">Aquatim S.A.<\/span><\/span>\u00a0Partenerul nostru \u00een proiect, ADID, s-a ocupat de transportul de\u0219eurilor str\u00e2nse, majoritatea reciclabile.<\/div>\n<\/div>\n<div class=\"x11i5rnm xat24cr x1mh8g0r x1vvkbs xtlvy1s x126k92a\">\n<div dir=\"auto\">Surpriz\u0103 pl\u0103cut\u0103: pu\u021bine de\u0219euri pe malul Beg\u0103i pe tronsoanele unde s-a desf\u0103\u0219urat ac\u021biunea! Vede\u021bi voi pozele!<\/div>\n<\/div>\n<div class=\"x11i5rnm xat24cr x1mh8g0r x1vvkbs xtlvy1s x126k92a\">\n<div dir=\"auto\"><\/div>\n<div dir=\"auto\">Felicit\u0103ri voluntarilor! Mul\u021bumiri pentru implicare tuturor!<\/div>\n<\/div>\n<p>[\/vc_column_text][\/vc_tta_section][vc_tta_section title=&#8221;Section&#8221; tab_id=&#8221;1740403436791-e1f3d48f-7d1c&#8221;][vc_column_text]<\/p>\n<div class=\"x11i5rnm xat24cr x1mh8g0r x1vvkbs xtlvy1s x126k92a\">\n<div dir=\"auto\"><strong style=\"color: #ff9900;\">5 iunie 2024<\/strong><\/div>\n<div dir=\"auto\">\n<div dir=\"auto\">\n<div class=\"xdj266r x11i5rnm xat24cr x1mh8g0r x1vvkbs x126k92a\">\n<div dir=\"auto\"><em>Conferin\u021b\u0103 de pres\u0103 de lansare a campaniei \u201eApe curate \u2013 Verde, Via\u021b\u0103, Viitor&#8221;<\/em><\/div>\n<div dir=\"auto\"><\/div>\n<\/div>\n<div class=\"x11i5rnm xat24cr x1mh8g0r x1vvkbs xtlvy1s x126k92a\">\n<div dir=\"auto\">De Ziua Mondial\u0103 a Mediului, dar \u0219i de cea a \u00cenv\u0103\u021b\u0103torului, la sediul Administra\u021biei Bazinale de Ap\u0103 Banat s-a dat startul campaniei de con\u0219tientizare \u201eApe curate \u2013 Verde, Via\u021b\u0103, Viitor\u201d, proiect de impact civic major.<\/div>\n<\/div>\n<div class=\"x11i5rnm xat24cr x1mh8g0r x1vvkbs xtlvy1s x126k92a\">\n<div dir=\"auto\">Partenerii implica\u021bi \u00een proiect: Aquatim, Asocia\u021bia Verde de Banat, Universitatea Politehnica Timi\u0219oara, Universitatea \u0218tiin\u021bele Vie\u021bii Regele Mihai I, Inspectoratul \u0218colar Timi\u0219, Asocia\u021bia de Dezvoltare Intercomunitar\u0103 De\u0219euri Timi\u0219 \u2013 au fost prezen\u021bi la conferin\u021ba de deschidere.<\/div>\n<\/div>\n<div class=\"x11i5rnm xat24cr x1mh8g0r x1vvkbs xtlvy1s x126k92a\">\n<div dir=\"auto\">Proiectul urm\u0103re\u0219te implementarea mai multor ac\u021biuni de con\u0219tientizare a problemelor de mediu, monitorizarea \u0219i evaluarea acestora, \u00een vederea cre\u0219terii nivelului de educa\u021bie a tinerei genera\u021bii, pentru un mediu curat \u0219i s\u0103n\u0103tos.<\/div>\n<\/div>\n<div class=\"x11i5rnm xat24cr x1mh8g0r x1vvkbs xtlvy1s x126k92a\">\n<div dir=\"auto\">\u00cen bazinul superior al Beg\u0103i se vor desf\u0103\u0219ura primele ac\u021biuni educative pentru p\u0103strarea apelor curate \u00een comunit\u0103\u021bile riverane. \u00cen acest moment, 180 de elevi riverani Beg\u0103i au confirmat participarea la ac\u021biuni.<\/div>\n<\/div>\n<div class=\"x11i5rnm xat24cr x1mh8g0r x1vvkbs xtlvy1s x126k92a\">\n<div dir=\"auto\">La ce rezultate dorim s\u0103 se ajung\u0103? S\u0103 avem un mediu curat pentru noi \u0219i pentru cei care vin dup\u0103 noi.<\/div>\n<\/div>\n<div class=\"x11i5rnm xat24cr x1mh8g0r x1vvkbs xtlvy1s x126k92a\">\n<div dir=\"auto\">Noi credem c\u0103 puterea exemplului va \u00eenchega comunit\u0103\u021bi \u0219i va duce la colabor\u0103ri frumoase cu toate institu\u021biile care au \u00een grija lor mediul.<\/div>\n<\/div>\n<\/div>\n<\/div>\n<\/div>\n<p>[\/vc_column_text][\/vc_tta_section][\/vc_tta_pageable][\/vc_column][vc_column width=&#8221;1\/2&#8243;][vc_gallery interval=&#8221;3&#8243; images=&#8221;12359,11993,12385,12431&#8243; img_size=&#8221;medium&#8221;][vc_separator color=&#8221;turquoise&#8221; border_width=&#8221;6&#8243;][vc_column_text]<\/p>\n<h2>Parteneri:<\/h2>\n<p>[\/vc_column_text]<ul class=\"anar-page-list\"><li><a href=\"http:\/\/banat.rowater.ro\/\" target=\"_blank\" rel=\"\">Administra\u021bia Bazinal\u0103 de Ap\u0103 Banat<\/a><\/li><li><a href=\"https:\/\/www.aquatim.ro\/\" target=\"_blank\" rel=\"\">SC Aquatim SA<\/a><\/li><li><a href=\"https:\/\/www.verdedebanat.ro\/\" target=\"_blank\" rel=\"\">Asocia\u021bia Verde de Banat<\/a><\/li><li><a href=\"https:\/\/adidtimis.ro\/\" target=\"_blank\" rel=\"\">Asocia\u021bia de Dezvoltare Intercomunitar\u0103 De\u0219euri Timi\u0219<\/a><\/li><li><a href=\"https:\/\/upt.ro\/\" target=\"_blank\" rel=\"\">Universitatea Politehnic\u0103 Timi\u0219oara<\/a><\/li><li><a href=\"https:\/\/www.usab-tm.ro\/\" target=\"_blank\" rel=\"\">Universitatea  de \u0218tiin\u021bele Vie\u021bii Regele Mihai I din Timi\u0219oara<\/a><\/li><li><a href=\"https:\/\/www.cjtimis.ro\/\" target=\"_blank\" rel=\"\">Consiliul Jude\u021bean Timi\u0219<\/a><\/li><li><a href=\"https:\/\/www.isj.tm.edu.ro\/\" target=\"_blank\" rel=\"\">Inspectoratul \u0218colar Jude\u021bean Timi\u0219<\/a><\/li><li><a href=\"https:\/\/www.acnb.ro\/\" target=\"_blank\" rel=\"\">Administra\u021bia Canalului Bega<\/a><\/li><li><a href=\"https:\/\/www.comtim.ro\/index.html#header-text\" target=\"_blank\" rel=\"\">Comtim Rom\u00e2nia<\/a><\/li><\/ul>[\/vc_column][\/vc_row]<\/p>\n","protected":false},"excerpt":{"rendered":"<p>[vc_row][vc_column width=&#8221;1\/2&#8243;][vc_column_text] Despre Campanie Campania \u201eApe curate-Verde, Via\u021b\u0103, Viitor!\u201d urm\u0103re\u0219te implementarea mai multor ac\u021biuni de con\u0219tientizare a problemelor de mediu, monitorizarea \u0219i evaluarea acestora \u00een vederea cre\u0219terii nivelului de educa\u021bie\u2026<\/p>\n","protected":false},"author":5,"featured_media":0,"parent":5863,"menu_order":0,"comment_status":"closed","ping_status":"closed","template":"","meta":{"footnotes":""},"class_list":["post-11986","page","type-page","status-publish","hentry"],"_links":{"self":[{"href":"http:\/\/banat.rowater.ro\/index.php\/wp-json\/wp\/v2\/pages\/11986","targetHints":{"allow":["GET"]}}],"collection":[{"href":"http:\/\/banat.rowater.ro\/index.php\/wp-json\/wp\/v2\/pages"}],"about":[{"href":"http:\/\/banat.rowater.ro\/index.php\/wp-json\/wp\/v2\/types\/page"}],"author":[{"embeddable":true,"href":"http:\/\/banat.rowater.ro\/index.php\/wp-json\/wp\/v2\/users\/5"}],"replies":[{"embeddable":true,"href":"http:\/\/banat.rowater.ro\/index.php\/wp-json\/wp\/v2\/comments?post=11986"}],"version-history":[{"count":24,"href":"http:\/\/banat.rowater.ro\/index.php\/wp-json\/wp\/v2\/pages\/11986\/revisions"}],"predecessor-version":[{"id":12447,"href":"http:\/\/banat.rowater.ro\/index.php\/wp-json\/wp\/v2\/pages\/11986\/revisions\/12447"}],"up":[{"embeddable":true,"href":"http:\/\/banat.rowater.ro\/index.php\/wp-json\/wp\/v2\/pages\/5863"}],"wp:attachment":[{"href":"http:\/\/banat.rowater.ro\/index.php\/wp-json\/wp\/v2\/media?parent=11986"}],"curies":[{"name":"wp","href":"https:\/\/api.w.org\/{rel}","templated":true}]}}