{"id":10235,"date":"2023-08-16T10:33:31","date_gmt":"2023-08-16T08:33:31","guid":{"rendered":"http:\/\/banat.rowater.ro\/?page_id=10235"},"modified":"2023-08-16T10:36:04","modified_gmt":"2023-08-16T08:36:04","slug":"mecanismul-de-raportare-a-incalcarilor-legii-conf-legii-nr-361-din-2022-privind-protectia-avertizorilor-in-interes-public","status":"publish","type":"page","link":"http:\/\/banat.rowater.ro\/index.php\/contact\/mecanismul-de-raportare-a-incalcarilor-legii-conf-legii-nr-361-din-2022-privind-protectia-avertizorilor-in-interes-public\/","title":{"rendered":"Mecanismul de raportare a \u00eenc\u0103lc\u0103rilor legii conf. Legii nr. 361 din 2022 privind protec\u0163ia avertizorilor \u00een interes public"},"content":{"rendered":"<p><a href=\"http:\/\/banat.rowater.ro\/index.php\/despre-noi\/programe-si-strategii\/integritate-institutionala\/mecanismul-de-raportare-a-incalcarilor-legii-conf-legii-nr-361-din-2022-privind-protectia-avertizorilor-in-interes-public\/\">Mecanismul de raportare aici<\/a><\/p>\n<p>&nbsp;<\/p>\n<p><strong>Adresa de e-mail<\/strong>: avertizor.public@dab.rowater.ro<\/p>\n<p>&nbsp;<\/p>\n<p><strong>Leg\u0103turi utile<\/strong>:<\/p>\n<ol>\n<li>Legea nr. 361\/2022 privind protec\u021bia avertizorilor \u00een interes public \u00a0\u00a0 \u00a0\u00a0 \u00a0\u00a0 \u00a0\u00a0 \u00a0\u00a0 \u00a0\u00a0 \u00a0<a href=\"https:\/\/legislatie.just.ro\/Public\/DetaliiDocument\/262872\"><u>https:\/\/legislatie.just.ro\/Public\/DetaliiDocument\/262872<\/u><\/a><\/li>\n<li>site-ul Agen\u021biei Na\u021bionale de Integritate \u2013 pagina dedicat\u0103 avertizorilor \u00een interes public<\/li>\n<\/ol>\n<p><a href=\"https:\/\/www.integritate.eu\/Avertizori-%C3%AEn-interes-public.aspx\"><u>https:\/\/www.integritate.eu\/Avertizori-%C3%AEn-interes-public.aspx<\/u><\/a><\/p>\n<ol start=\"3\">\n<li>Politica de confiden\u021bialitate a Administra\u021biei Na\u021bionale \u201cApele Rom\u00e2ne\u201d privind prelucrarea datelor cu caracter personal<\/li>\n<\/ol>\n<p><a href=\"https:\/\/rowater.ro\/politica-de-confidentialitate\/\"><u>https:\/\/rowater.ro\/politica-de-confidentialitate\/<\/u><\/a><\/p>\n<p>4.\u00a0 Declara\u021bia GDPR<\/p>\n<p><a href=\"http:\/\/banat.rowater.ro\/wp-content\/uploads\/2023\/05\/Politica-generala-de-protectie-a-datelor-cu-caracter-personal.pdf\">http:\/\/banat.rowater.ro\/wp-content\/uploads\/2023\/05\/Politica-generala-de-protectie-a-datelor-cu-caracter-personal.pdf<\/a><\/p>\n<p>&nbsp;<\/p>\n","protected":false},"excerpt":{"rendered":"<p>Mecanismul de raportare aici &nbsp; Adresa de e-mail: avertizor.public@dab.rowater.ro &nbsp; Leg\u0103turi utile: Legea nr. 361\/2022 privind protec\u021bia avertizorilor \u00een interes public \u00a0\u00a0 \u00a0\u00a0 \u00a0\u00a0 \u00a0\u00a0 \u00a0\u00a0 \u00a0\u00a0 \u00a0https:\/\/legislatie.just.ro\/Public\/DetaliiDocument\/262872 site-ul Agen\u021biei\u2026<\/p>\n","protected":false},"author":2,"featured_media":0,"parent":5958,"menu_order":0,"comment_status":"closed","ping_status":"closed","template":"","meta":{"footnotes":""},"class_list":["post-10235","page","type-page","status-publish","hentry"],"_links":{"self":[{"href":"http:\/\/banat.rowater.ro\/index.php\/wp-json\/wp\/v2\/pages\/10235","targetHints":{"allow":["GET"]}}],"collection":[{"href":"http:\/\/banat.rowater.ro\/index.php\/wp-json\/wp\/v2\/pages"}],"about":[{"href":"http:\/\/banat.rowater.ro\/index.php\/wp-json\/wp\/v2\/types\/page"}],"author":[{"embeddable":true,"href":"http:\/\/banat.rowater.ro\/index.php\/wp-json\/wp\/v2\/users\/2"}],"replies":[{"embeddable":true,"href":"http:\/\/banat.rowater.ro\/index.php\/wp-json\/wp\/v2\/comments?post=10235"}],"version-history":[{"count":3,"href":"http:\/\/banat.rowater.ro\/index.php\/wp-json\/wp\/v2\/pages\/10235\/revisions"}],"predecessor-version":[{"id":10238,"href":"http:\/\/banat.rowater.ro\/index.php\/wp-json\/wp\/v2\/pages\/10235\/revisions\/10238"}],"up":[{"embeddable":true,"href":"http:\/\/banat.rowater.ro\/index.php\/wp-json\/wp\/v2\/pages\/5958"}],"wp:attachment":[{"href":"http:\/\/banat.rowater.ro\/index.php\/wp-json\/wp\/v2\/media?parent=10235"}],"curies":[{"name":"wp","href":"https:\/\/api.w.org\/{rel}","templated":true}]}}