{"id":10233,"date":"2023-08-16T10:27:09","date_gmt":"2023-08-16T08:27:09","guid":{"rendered":"http:\/\/banat.rowater.ro\/?page_id=10233"},"modified":"2023-08-16T10:27:09","modified_gmt":"2023-08-16T08:27:09","slug":"mecanismul-de-raportare-a-incalcarilor-legii-conf-legii-nr-361-din-2022-privind-protectia-avertizorilor-in-interes-public","status":"publish","type":"page","link":"http:\/\/banat.rowater.ro\/index.php\/despre-noi\/programe-si-strategii\/integritate-institutionala\/mecanismul-de-raportare-a-incalcarilor-legii-conf-legii-nr-361-din-2022-privind-protectia-avertizorilor-in-interes-public\/","title":{"rendered":"Mecanismul de raportare a \u00eenc\u0103lc\u0103rilor legii conf. Legii nr. 361 din 2022 privind protec\u0163ia avertizorilor \u00een interes public"},"content":{"rendered":"<p>\u00cen vederea aplic\u0103rii dispozi\u021biilor Legii nr. 361\/2022 privind protec\u021bia avertizorilor \u00een interes public, Administra\u021bia Bazinal\u0103 de Ap\u0103 Banat a instituit propriul canal intern de raportare a \u00eenc\u0103lc\u0103rii legii.<\/p>\n<ol>\n<li><strong> Condi\u021biile pentru a beneficia de protec\u021bie \u00een temeiul Legii nr. 361\/2022<\/strong><strong>:<\/strong><\/li>\n<\/ol>\n<ul>\n<li>s\u0103 fie una dintre persoanele care efectueaz\u0103 raport\u0103ri potrivit prevederilor 2 alin. (1)\u015fi care a ob\u0163inut informa\u0163ii referitoare la \u00eenc\u0103lc\u0103ri ale legii \u00eentr-un context profesional;<\/li>\n<li>s\u0103 fi avut motive \u00eentemeiate s\u0103 cread\u0103 c\u0103 informa\u0163iile referitoare la \u00eenc\u0103lc\u0103rile raportate erau adev\u0103rate la momentul raport\u0103rii;<\/li>\n<li>s\u0103 fi efectuat o raportare intern\u0103, o raportare extern\u0103 sau o divulgare public\u0103.<\/li>\n<\/ul>\n<p>&nbsp;<\/p>\n<p>&nbsp;<\/p>\n<ol start=\"2\">\n<li><strong> Informa\u021bii de contact:<\/strong><\/li>\n<\/ol>\n<table>\n<tbody>\n<tr>\n<td width=\"127\">E-MAIL<\/td>\n<td width=\"673\"><a href=\"mailto:avertizor\u00eeninterespublic@dab.rowater.ro\">avertizor.public@dab.rowater.ro<\/a><\/p>\n<p>&nbsp;<\/td>\n<\/tr>\n<tr>\n<td width=\"127\">PO\u0218T\u0102<\/td>\n<td width=\"673\">Destinatar: Administra\u021bia Bazinal\u0103 de Ap\u0103 Banat<\/p>\n<p>Adresa: b-dul 16 Decembrie 1989 nr. 2, cod po\u0219tal 300173, Timi\u0219oara, jud. Timi\u0219, Rom\u00e2nia<\/p>\n<p>Pe plic se va face men\u021biunea <strong>\u201cCONFIDEN\u021aIAL\u201d<\/strong>\u00a0\u0219i <strong>\u201cRaportare conform Legii nr. 361\/2022 privind protec\u021bia avertizorilor \u00een interes public.\u201d<\/strong><\/p>\n<p><em>Datele de identificare ale avertizorului <\/em><em>\u00ee<\/em><em>n interes public nu se vor scrie pe plic.<\/em><\/td>\n<\/tr>\n<tr>\n<td width=\"127\">PERSONAL<\/td>\n<td width=\"673\">etajul al II-lea, compartiment Sistem integrat de management \u0219i audit<\/p>\n<p>Luni-joi \u00eentre orele 07.30-16.00 \u0219i vineri \u00eentre orele 07.30-13.30<\/td>\n<\/tr>\n<tr>\n<td width=\"127\">TELEFONIC<\/td>\n<td width=\"673\">0256\/491.848, interior 220<\/p>\n<p><em>Pe aceasta linie telefonic\u0103 conversa\u0163iile pot fi \u00eenregistrate, \u00eentr-o form\u0103 durabil\u0103 \u015fi accesibil\u0103, sub rezerva consim\u0163\u0103m\u00e2ntului avertizorului \u00een interes public.<\/em><em><br \/>\n<\/em><em>\u00cen cazul \u00een care avertizorul nu \u00ee\u0219i d\u0103 acordul pentru \u00eenregistrarea conversa\u021biei atunci este direc\u021bionat s\u0103 fac\u0103 raportarea folosind celelalte mijloace de raportare.<\/em><\/td>\n<\/tr>\n<\/tbody>\n<\/table>\n<p>&nbsp;<\/p>\n<ol start=\"3\">\n<li><strong> Procedura aplicabil\u0103 raport\u0103rii privind \u00eenc\u0103lcarea legii:<\/strong><\/li>\n<\/ol>\n<p>Raportarea privind \u00eenc\u0103lc\u0103ri ale legii se efectueaz\u0103, \u00een principal, prin intermediul canalelor interne de raportare. Avertizorul poate alege \u00eens\u0103 \u00eentre canalul intern de raportare, canalul extern de raportare \u0219i divulgarea public\u0103.<\/p>\n<p>&nbsp;<\/p>\n<p>Raportarea se poate face:<\/p>\n<ul>\n<li>\u00een scris (letric sau electronic);<\/li>\n<li>telefonic;<\/li>\n<li>personal (la solicitarea avertizorului).<\/li>\n<\/ul>\n<p>&nbsp;<\/p>\n<p>Raportarea va cuprinde, cel pu\u021bin, urm\u0103toarele informa\u021bii:<\/p>\n<ul>\n<li>numele \u0219i prenumele avertizorului;<\/li>\n<li>date de contact;<\/li>\n<li>contextul profesional \u021bn care au fost ob\u021binute informa\u021biile;<\/li>\n<li>persoana vizat\u0103 (dac\u0103 este cunoscut\u0103);<\/li>\n<li>descrierea faptei;<\/li>\n<li>probele care sus\u021bin raportarea (dup\u0103 caz);<\/li>\n<li>data;<\/li>\n<li>semn\u0103tura (dup\u0103 caz).<\/li>\n<\/ul>\n<p><strong><em>\u00a0<\/em><\/strong><\/p>\n<p>Persoana desemnat\u0103 cu solu\u021bionarea raport\u0103rii poate solicita completarea acesteia cu informa\u021biile necesare \u00een termen de 15 zile de la primirea raport\u0103rii.<\/p>\n<p><strong><em>Excep\u021bie: Raportarea care nu con\u021bine numele \u0219i prenumele, datele de contact sau semn\u0103tura avertizorului \u00een interes public se examineaz\u0103 \u0219i se solu\u021bioneaz\u0103 \u00een m\u0103sura \u00een care con\u021bine indicii referitoare la \u00eenc\u0103lc\u0103ri ale legii. <\/em><\/strong><\/p>\n<p><strong><em>\u00a0<\/em><\/strong><\/p>\n<p>Persoana desemnat\u0103 cu solu\u021bionarea raport\u0103rii are obliga\u021bia de a:<\/p>\n<ul>\n<li>transmite avertizorului confirmarea primirii raport\u0103rii \u00een cel mult 7 zile calendaristice de la primirea acesteia;<\/li>\n<li>informa avertizorul cu privire la stadiul ac\u021biunilor subsecvente \u00een termen de cel mult 3 luni de la data confirm\u0103rii de primire sau, atunci c\u00e2nd nu i s-a confirmat primirea raport\u0103rii, de la expirarea termenului de 7 zile calendaristice \u0219i, ulterior, ori de c\u00e2te ori sunt \u00eenregistrate evolu\u021bii \u00een desf\u0103\u0219urarea ac\u021biunilor subsecvente, cu excep\u021bia cazului \u00een care informarea ar putea periclita desf\u0103\u0219urarea acestora.<\/li>\n<\/ul>\n<p>&nbsp;<\/p>\n<ol start=\"4\">\n<li><strong> Confiden\u021bialitatea<\/strong><strong>:<\/strong><\/li>\n<\/ol>\n<p>Persoana desemnat\u0103 cu solu\u021bionarea raport\u0103rii este singura abilitat\u0103 s\u0103 solu\u021bioneze raport\u0103rile privind \u00eenc\u0103lc\u0103ri ale legii.<\/p>\n<p>Persoana desemnat\u0103 cu solu\u021bionarea raport\u0103rii are obliga\u021bia de a nu dezv\u0103lui identitatea avertizorului \u00een interes public \u0219i orice alt\u0103 informa\u021bie care ar permite identificarea direct\u0103 sau indirect\u0103 a acestuia, cu excep\u021bia situa\u021biei \u00een care are consim\u021b\u0103m\u00e2ntul expres al acestuia.<\/p>\n<p>&nbsp;<\/p>\n<ol start=\"5\">\n<li><strong> Prelucrarea datelor cu caracter personal:<\/strong><\/li>\n<\/ol>\n<p>Toate prelucr\u0103rile de date cu caracter personal efectuate \u00een temeiul Legii nr. 361\/2022, inclusiv schimbul sau transmiterea datelor cu caracter personal de c\u0103tre autorit\u0103\u021bile competente se desf\u0103\u0219oar\u0103 potrivit dispozi\u021biilor Regulamentului (U.E.) 2016\/679, a Legii nr. 363\/2018 \u0219i a Relamentului (U.E.) 2018\/1.725.<\/p>\n<p>Datele cu caracter personal care nu sunt necesare pentru solu\u021bionarea raport\u0103rii nu se colecteaz\u0103 iar, dac\u0103 sunt colectate \u00een mod accidental, se \u0219terg.<\/p>\n<p>&nbsp;<\/p>\n<ol start=\"6\">\n<li><strong> Natura ac<\/strong><strong>\u021b<\/strong><strong>iunilor subsecvente:<\/strong><\/li>\n<\/ol>\n<p>Ac\u021biunile subsecvente sunt reprezentate de orice ac\u021biune \u00eentreprins\u0103 de c\u0103tre destinatarul unei raport\u0103ri interne sau de c\u0103tre autoritatea competent\u0103 \u00een vederea solu\u021bion\u0103rii raport\u0103rii \u0219i, acolo unde este cazul, a remedierii \u00eenc\u0103lc\u0103rii raportate.<\/p>\n<p>&nbsp;<\/p>\n<ol start=\"7\">\n<li><strong> M\u0103suri reparatorii \u0219i modalit\u0103\u021bile de asigurare a protec\u021biei \u00eempotriva represaliilor:<\/strong><\/li>\n<\/ol>\n<p>Pentru a beneficia de m\u0103surile de protec\u021bie, avertizorul \u00een interes public trebuie s\u0103 \u00eentruneasc\u0103 cumulativ urm\u0103toarele condi\u021bii:<\/p>\n<ul>\n<li>s\u0103 fie una dintre persoanele care efectueaz\u0103 raport\u0103ri potrivit prevederilor art. 2 alin. (1) din Legea nr. 361\/2022 \u0219i care a ob\u021binut informa\u021bii referitoare la \u00eenc\u0103lc\u0103ri ale legii \u00eentr-un context profesional;<\/li>\n<li>s\u0103 fi avut motive \u00eentemeiate s\u0103 cread\u0103 c\u0103 informa\u021biile referitoare la \u00eenc\u0103lc\u0103rile raportate erau adev\u0103rate la momentul raport\u0103rii;<\/li>\n<li>s\u0103 fi efectuat o raportare intern\u0103, o raportare extern\u0103 sau o divulgare public\u0103.<\/li>\n<\/ul>\n<p>&nbsp;<\/p>\n<p>Pentru a beneficia de m\u0103surile reparatorii, avertizorul \u00een interes public trebuie s\u0103 \u00eendeplineasc\u0103 cumulativ condi\u021biile de mai sus, precum \u0219i condi\u021bia ca represaliile s\u0103 fie consecin\u021ba raport\u0103rii efectuate.<\/p>\n<p>&nbsp;<\/p>\n<p>Cine mai beneficiaz\u0103 de aceste m\u0103suri?<\/p>\n<ul>\n<li>facilitatorii;<\/li>\n<li>persoanele ter\u021be care au leg\u0103turi cu avertizorul \u00een interes public \u0219i care ar putea s\u0103 sufere represalii \u00eentr-un context profesional, cum ar fi colegi sau rude ale acestuia;<\/li>\n<li>persoanele juridice de\u021binute de c\u0103tre avertizorul \u00een interes public sau pentru care avertizorul \u00een interes public lucreaz\u0103 sau cu care are alte tipuri de leg\u0103turi \u00eentr-un context profesional;<\/li>\n<li>avertizorul \u00een interes public care, \u00een mod anonim, a raportat sau a divulgat public informa\u021bii referitoare la \u00eenc\u0103lc\u0103ri, dar este ulterior identificat \u0219i sufer\u0103 represalii;<\/li>\n<li>avertizorul \u00een interes public care efectueaz\u0103 raport\u0103ri c\u0103tre institu\u021biile, organele, oficiile sau agen\u021biile competente ale Uniunii Europene.<\/li>\n<\/ul>\n<p>&nbsp;<\/p>\n<p>\u00cen vederea protej\u0103rii \u00eempotriva represaliilor, persoanele prev\u0103zute la art. 2 \u0219i art. 20 alin. (3) din Legea nr. 361\/2022 beneficiaz\u0103 de urm\u0103toarele m\u0103suri:<\/p>\n<ul>\n<li>avertizorul \u00een interes public care efectueaz\u0103 o raportare sau divulgare public\u0103 a unor informa\u021bii privind \u00eenc\u0103lc\u0103ri ale legii nu \u00eencalc\u0103 dispozi\u021biile legale sau clauzele contractuale privind divulgarea de informa\u021bii \u0219i nu r\u0103spunde pentru raportarea sau divulgarea public\u0103 a unor astfel de informa\u021bii, cu condi\u021bia s\u0103 fi efectuat o raportare sau divulgare public\u0103 \u00een condi\u021biile legii \u0219i s\u0103 fi avut motive \u00eentemeiate s\u0103 cread\u0103 c\u0103 raportarea sau divulgarea a fost necesar\u0103 pentru dezv\u0103luirea unei \u00eenc\u0103lc\u0103ri a legii;<\/li>\n<li>avertizorul \u00een interes public care dob\u00e2nde\u0219te sau acceseaz\u0103 date \u0219i informa\u021bii de care are cuno\u0219tin\u021b\u0103 \u00een virtutea atribu\u021biilor de serviciu sau a raporturilor de munc\u0103 nu r\u0103spunde dac\u0103 accesarea sau dob\u00e2ndirea are ca scop raportarea sau dezv\u0103luirea public\u0103 a unei \u00eenc\u0103lc\u0103ri a legii, iar raportarea sau divulgarea public\u0103 s-a efectuat \u00een condi\u021biile legii;<\/li>\n<li>r\u0103spunderea avertizorilor \u00een interes public pentru acte sau omisiuni care nu au leg\u0103tur\u0103 cu raportarea sau divulgarea public\u0103 sau care nu sunt necesare pentru dezv\u0103luirea unei \u00eenc\u0103lc\u0103ri a legii este supus\u0103 dispozi\u021biilor de drept comun;<\/li>\n<li>nu se poate angaja r\u0103spunderea ca urmare a raport\u0103rilor sau a divulg\u0103rilor publice efectuate \u00een condi\u021biile legii, \u00een cadrul procedurilor judiciare care vizeaz\u0103 \u00eenc\u0103lc\u0103ri precum \u00eenc\u0103lcarea dreptului la imagine,a dreptului de autor, a secretului profesional, a normelor de protec\u021bie a datelor, divulgarea secretelor comerciale sau ac\u021biunile \u00een desp\u0103gubire. Totodat\u0103, acestea au dreptul s\u0103 invoce respectiva raportare sau divulgare public\u0103 pentru a urm\u0103ri \u00eenchiderea cauzei, cu condi\u021bia s\u0103 fi avut motive \u00eentemeiate s\u0103 considere c\u0103 raportarea sau divulgarea public\u0103 a fost necesar\u0103 pentru dezv\u0103luirea unei \u00eenc\u0103lc\u0103ri a legii;<\/li>\n<li>\u00een cazul \u00een care o persoan\u0103 raporteaz\u0103 sau divulg\u0103 public informa\u021bii referitoare la \u00eenc\u0103lc\u0103ri ale legii \u0219i aceste informa\u021bii includ secrete comerciale, o astfel de raportare sau divulgare public\u0103 este considerat\u0103 legal\u0103 \u00een condi\u021biile art. 3 alin. (2) din Ordonan\u021ba de urgen\u021b\u0103 a Guvernului nr. 25\/2019;<\/li>\n<li>persoanele care au efectuat o raportare sau divulgare public\u0103 \u00een condi\u021biile legii au dreptul la repararea integral\u0103 a prejudiciului suferit ca urmare a raport\u0103rii sau divulg\u0103rii publice.<\/li>\n<\/ul>\n","protected":false},"excerpt":{"rendered":"<p>\u00cen vederea aplic\u0103rii dispozi\u021biilor Legii nr. 361\/2022 privind protec\u021bia avertizorilor \u00een interes public, Administra\u021bia Bazinal\u0103 de Ap\u0103 Banat a instituit propriul canal intern de raportare a \u00eenc\u0103lc\u0103rii legii. Condi\u021biile pentru\u2026<\/p>\n","protected":false},"author":2,"featured_media":0,"parent":9696,"menu_order":0,"comment_status":"closed","ping_status":"closed","template":"","meta":{"footnotes":""},"class_list":["post-10233","page","type-page","status-publish","hentry"],"_links":{"self":[{"href":"http:\/\/banat.rowater.ro\/index.php\/wp-json\/wp\/v2\/pages\/10233","targetHints":{"allow":["GET"]}}],"collection":[{"href":"http:\/\/banat.rowater.ro\/index.php\/wp-json\/wp\/v2\/pages"}],"about":[{"href":"http:\/\/banat.rowater.ro\/index.php\/wp-json\/wp\/v2\/types\/page"}],"author":[{"embeddable":true,"href":"http:\/\/banat.rowater.ro\/index.php\/wp-json\/wp\/v2\/users\/2"}],"replies":[{"embeddable":true,"href":"http:\/\/banat.rowater.ro\/index.php\/wp-json\/wp\/v2\/comments?post=10233"}],"version-history":[{"count":1,"href":"http:\/\/banat.rowater.ro\/index.php\/wp-json\/wp\/v2\/pages\/10233\/revisions"}],"predecessor-version":[{"id":10234,"href":"http:\/\/banat.rowater.ro\/index.php\/wp-json\/wp\/v2\/pages\/10233\/revisions\/10234"}],"up":[{"embeddable":true,"href":"http:\/\/banat.rowater.ro\/index.php\/wp-json\/wp\/v2\/pages\/9696"}],"wp:attachment":[{"href":"http:\/\/banat.rowater.ro\/index.php\/wp-json\/wp\/v2\/media?parent=10233"}],"curies":[{"name":"wp","href":"https:\/\/api.w.org\/{rel}","templated":true}]}}